{"id":1487,"date":"2022-07-18T07:26:01","date_gmt":"2022-07-18T06:26:01","guid":{"rendered":"https:\/\/emangiltza.eus\/ku-ku\/"},"modified":"2025-10-20T15:54:01","modified_gmt":"2025-10-20T14:54:01","slug":"ku-ku","status":"publish","type":"page","link":"https:\/\/emangiltza.eus\/es\/ku-ku\/","title":{"rendered":"KU-KU!"},"content":{"rendered":"<p>[et_pb_section fb_built=\u00bb1&#8243; _builder_version=\u00bb4.17.4&#8243; _module_preset=\u00bbdefault\u00bb background_color=\u00bb#d6f9f9&#8243; use_background_color_gradient=\u00bbon\u00bb background_color_gradient_stops=\u00bb#2ce0d4 0%|rgba(41,196,169,0) 100%\u00bb background_enable_pattern_style=\u00bbon\u00bb background_pattern_style=\u00bb3d-diamonds\u00bb background_pattern_color=\u00bbrgba(255,255,255,0.2)\u00bb custom_padding=\u00bb||2px|||\u00bb top_divider_style=\u00bbslant2&#8243; top_divider_color=\u00bb#ffffff\u00bb top_divider_height=\u00bb224px\u00bb global_colors_info=\u00bb{}\u00bb][et_pb_row column_structure=\u00bb3_5,2_5&#8243; _builder_version=\u00bb4.17.4&#8243; _module_preset=\u00bbdefault\u00bb min_height=\u00bb470.5px\u00bb global_colors_info=\u00bb{}\u00bb][et_pb_column type=\u00bb3_5&#8243; _builder_version=\u00bb4.17.4&#8243; _module_preset=\u00bbdefault\u00bb global_colors_info=\u00bb{}\u00bb][et_pb_text _builder_version=\u00bb4.17.4&#8243; _module_preset=\u00bbdefault\u00bb header_font=\u00bbMontserrat|300|||||||\u00bb header_text_color=\u00bb#000000&#8243; header_font_size=\u00bb97px\u00bb width=\u00bb600px\u00bb max_width=\u00bb90%\u00bb module_alignment=\u00bbright\u00bb custom_margin=\u00bb0px||0px||false|false\u00bb custom_padding=\u00bb0px||0px||false|false\u00bb header_font_size_tablet=\u00bb80px\u00bb header_font_size_phone=\u00bb72px\u00bb module_alignment_tablet=\u00bbright\u00bb module_alignment_phone=\u00bbright\u00bb module_alignment_last_edited=\u00bbon|phone\u00bb global_colors_info=\u00bb{%22gcid-5318e0d0-0b7e-4959-a59e-911d546f39d2%22:%91%22text_text_color%22,%22text_text_color%22,%22text_text_color%22,%22header_2_text_color%22,%22text_text_color%22,%22header_2_text_color%22,%22text_text_color%22,%22header_2_text_color%22,%22text_text_color%22,%22header_2_text_color%22,%22text_text_color%22,%22header_2_text_color%22,%22text_text_color%22,%22header_2_text_color%22,%22text_text_color%22,%22header_2_text_color%22,%22text_text_color%22,%22header_2_text_color%22,%22text_text_color%22,%22header_2_text_color%22,%22text_text_color%22,%22header_2_text_color%22,%22text_text_color%22,%22header_2_text_color%22,%22text_text_color%22,%22header_2_text_color%22,%22text_text_color%22,%22header_2_text_color%22,%22text_text_color%22,%22header_2_text_color%22%93,%22gcid-db5ca738-5549-4fab-95fb-6d20359d62c6%22:%91%22header_3_text_color%22,%22header_3_text_color%22,%22header_3_text_color%22,%22header_3_text_color%22,%22header_3_text_color%22,%22header_3_text_color%22,%22header_3_text_color%22%93}\u00bb]<\/p>\n<h1>Ku-ku!<\/h1>\n<p>La aplicaci\u00f3n Ku-ku es una herramienta de apoyo a familias que quieren educar a sus hijas e hijos en el multiling\u00fcismo.<\/p>\n<p>Las ni\u00f1as y ni\u00f1os tienen una capacidad innata para aprender varias lenguas de manera simult\u00e1nea. Como cualquier otra habilidad, se necesita practicar y en esa tarea es imprescindible la colaboraci\u00f3n de las familias.<\/p>\n<p><strong>Durante la infancia es f\u00e1cil aprender idiomas,<\/strong><\/p>\n<p>[\/et_pb_text][\/et_pb_column][et_pb_column type=\u00bb2_5&#8243; _builder_version=\u00bb4.17.4&#8243; _module_preset=\u00bbdefault\u00bb global_colors_info=\u00bb{}\u00bb][et_pb_image src=\u00bbhttps:\/\/emangiltza.eus\/wp-content\/uploads\/2022\/07\/kukuapp.jpg\u00bb title_text=\u00bbkukuapp\u00bb url=\u00bbhttps:\/\/emangiltza.eus\/ku-ku\/\u00bb url_new_window=\u00bbon\u00bb align=\u00bbcenter\u00bb _builder_version=\u00bb4.17.4&#8243; _module_preset=\u00bbdefault\u00bb width=\u00bb90%\u00bb width_last_edited=\u00bboff|desktop\u00bb max_width=\u00bb450px\u00bb module_alignment=\u00bbcenter\u00bb animation_style=\u00bbbounce\u00bb border_radii=\u00bbon|1508px|1508px|1508px|1508px\u00bb box_shadow_style=\u00bbpreset3&#8243; box_shadow_vertical=\u00bb20px\u00bb box_shadow_blur=\u00bb38px\u00bb box_shadow_color=\u00bbrgba(12,113,195,0.4)\u00bb global_colors_info=\u00bb{}\u00bb width__hover_enabled=\u00bbon|hover\u00bb width__hover=\u00bb93%\u00bb][\/et_pb_image][et_pb_text _builder_version=\u00bb4.17.4&#8243; _module_preset=\u00bbdefault\u00bb text_font_size=\u00bb15px\u00bb text_orientation=\u00bbcenter\u00bb link_option_url=\u00bbhttps:\/\/emangiltza.eus\/es\/lege-oharra-kuk\/\u00bb link_option_url_new_window=\u00bbon\u00bb global_colors_info=\u00bb{}\u00bb]<\/p>\n<p>Al jugar, est\u00e1s aceptando <a href=\"https:\/\/emangiltza.eus\/es\/lege-oharra-kuk\/\" target=\"_blank\" rel=\"noopener\"><span style=\"text-decoration: underline;\"><span style=\"color: #008080; text-decoration: underline;\"><strong>las condiciones del aviso legal.<\/strong><\/span><\/span><\/a><\/p>\n<p>[\/et_pb_text][et_pb_button button_url=\u00bbhttps:\/\/emangiltza.eus\/ku-ku\/\u00bb url_new_window=\u00bbon\u00bb button_text=\u00bb\u00a1Vamos a jugar!\u00bb button_alignment=\u00bbcenter\u00bb _builder_version=\u00bb4.17.4&#8243; _module_preset=\u00bbdefault\u00bb global_colors_info=\u00bb{}\u00bb][\/et_pb_button][\/et_pb_column][\/et_pb_row][et_pb_row _builder_version=\u00bb4.17.4&#8243; _module_preset=\u00bbdefault\u00bb custom_padding=\u00bb5px|||||\u00bb global_colors_info=\u00bb{}\u00bb][et_pb_column type=\u00bb4_4&#8243; _builder_version=\u00bb4.17.4&#8243; _module_preset=\u00bbdefault\u00bb global_colors_info=\u00bb{}\u00bb][et_pb_text _builder_version=\u00bb4.17.4&#8243; _module_preset=\u00bbdefault\u00bb background_color=\u00bbrgba(12,113,195,0.3)\u00bb width=\u00bb90%\u00bb max_width=\u00bb980px\u00bb module_alignment=\u00bbcenter\u00bb custom_padding=\u00bb50px|25px|50px|25px|true|true\u00bb border_radii=\u00bbon|200px|200px|200px|200px\u00bb global_colors_info=\u00bb{}\u00bb]<\/p>\n<h2 style=\"text-align: center;\">Ll\u00e9vate Ku-ku! a d\u00f3nde quieras.<\/h2>\n<p style=\"text-align: center;\">Instala la app Ku-ku! en t\u00fa tel\u00e9fono y utilizala con tus hijos e hijas.<\/p>\n<p>[\/et_pb_text][\/et_pb_column][\/et_pb_row][et_pb_row column_structure=\u00bb1_2,1_2&#8243; _builder_version=\u00bb4.17.4&#8243; _module_preset=\u00bbdefault\u00bb global_colors_info=\u00bb{}\u00bb][et_pb_column type=\u00bb1_2&#8243; _builder_version=\u00bb4.17.4&#8243; _module_preset=\u00bbdefault\u00bb global_colors_info=\u00bb{}\u00bb][et_pb_blurb title=\u00bbAndroid\u00bb image=\u00bbhttps:\/\/emangiltza.eus\/wp-content\/uploads\/2022\/10\/kuku.webp\u00bb image_icon_width=\u00bb200px\u00bb content_max_width=\u00bb90%\u00bb _builder_version=\u00bb4.17.4&#8243; _module_preset=\u00bbdefault\u00bb text_orientation=\u00bbcenter\u00bb width=\u00bb400px\u00bb module_alignment=\u00bbcenter\u00bb link_option_url=\u00bbhttps:\/\/play.google.com\/store\/apps\/details?id=com.eregi.kuku2&#8243; link_option_url_new_window=\u00bbon\u00bb global_colors_info=\u00bb{}\u00bb]<\/p>\n<p>Si tienes un dispositivo Android descarga nuestra aplicaci\u00f3n Ku-ku! desde aqu\u00ed.<\/p>\n<p>[\/et_pb_blurb][\/et_pb_column][et_pb_column type=\u00bb1_2&#8243; _builder_version=\u00bb4.17.4&#8243; _module_preset=\u00bbdefault\u00bb global_colors_info=\u00bb{}\u00bb][et_pb_blurb title=\u00bbIOS\/Apple\u00bb image=\u00bbhttps:\/\/emangiltza.eus\/wp-content\/uploads\/2022\/10\/kukuapple.webp\u00bb image_icon_width=\u00bb200px\u00bb content_max_width=\u00bb90%\u00bb _builder_version=\u00bb4.17.4&#8243; _module_preset=\u00bbdefault\u00bb text_orientation=\u00bbcenter\u00bb width=\u00bb400px\u00bb module_alignment=\u00bbcenter\u00bb link_option_url=\u00bbhttps:\/\/apps.apple.com\/es\/app\/ku-ku\/id1637831092&#8243; link_option_url_new_window=\u00bbon\u00bb border_radii_image=\u00bbon|36px|36px|36px|36px\u00bb global_colors_info=\u00bb{}\u00bb]<\/p>\n<p>Si tienes un dispositivo Apple descarga nuestra aplicaci\u00f3n Ku-ku! desde aqu\u00ed.<\/p>\n<p>[\/et_pb_blurb][\/et_pb_column][\/et_pb_row][\/et_pb_section][et_pb_section fb_built=\u00bb1&#8243; _builder_version=\u00bb4.17.4&#8243; _module_preset=\u00bbdefault\u00bb background_color=\u00bb#d6f9f9&#8243; custom_padding=\u00bb4px||0px|||\u00bb top_divider_color=\u00bb#e6fcb5&#8243; top_divider_height=\u00bb224px\u00bb global_colors_info=\u00bb{}\u00bb][et_pb_row _builder_version=\u00bb4.17.4&#8243; _module_preset=\u00bbdefault\u00bb custom_padding=\u00bb4px||8px|||\u00bb global_colors_info=\u00bb{}\u00bb][et_pb_column type=\u00bb4_4&#8243; _builder_version=\u00bb4.17.4&#8243; _module_preset=\u00bbdefault\u00bb global_colors_info=\u00bb{}\u00bb][et_pb_text _builder_version=\u00bb4.27.4&#8243; _module_preset=\u00bbdefault\u00bb header_font=\u00bbMontserrat|300|||||||\u00bb header_text_color=\u00bb#000000&#8243; header_font_size=\u00bb97px\u00bb width=\u00bb650px\u00bb max_width=\u00bb90%\u00bb module_alignment=\u00bbcenter\u00bb custom_margin=\u00bb-4px||0px||false|false\u00bb custom_padding=\u00bb0px||0px||false|false\u00bb hover_enabled=\u00bb0&#8243; header_font_size_tablet=\u00bb80px\u00bb header_font_size_phone=\u00bb72px\u00bb module_alignment_tablet=\u00bbright\u00bb module_alignment_phone=\u00bbright\u00bb module_alignment_last_edited=\u00bboff|desktop\u00bb global_colors_info=\u00bb{%22gcid-5318e0d0-0b7e-4959-a59e-911d546f39d2%22:%91%22text_text_color%22,%22text_text_color%22,%22text_text_color%22,%22header_2_text_color%22,%22text_text_color%22,%22header_2_text_color%22,%22text_text_color%22,%22header_2_text_color%22,%22text_text_color%22,%22header_2_text_color%22,%22text_text_color%22,%22header_2_text_color%22,%22text_text_color%22,%22header_2_text_color%22,%22text_text_color%22,%22header_2_text_color%22,%22text_text_color%22,%22header_2_text_color%22,%22text_text_color%22,%22header_2_text_color%22,%22text_text_color%22,%22header_2_text_color%22,%22text_text_color%22,%22header_2_text_color%22,%22text_text_color%22,%22header_2_text_color%22,%22text_text_color%22,%22header_2_text_color%22,%22text_text_color%22,%22header_2_text_color%22%93,%22gcid-db5ca738-5549-4fab-95fb-6d20359d62c6%22:%91%22header_3_text_color%22,%22header_3_text_color%22,%22header_3_text_color%22,%22header_3_text_color%22,%22header_3_text_color%22,%22header_3_text_color%22,%22header_3_text_color%22%93}\u00bb sticky_enabled=\u00bb0&#8243;]<\/p>\n<p style=\"text-align: center;\">Un material pedag\u00f3gico y muy dibertido que se divide en dos partes:<br \/><strong>1. Apartado para los ni\u00f1os y ni\u00f1as<br \/>2. Apartado para las familias<\/strong><\/p>\n<p>[\/et_pb_text][\/et_pb_column][\/et_pb_row][et_pb_row _builder_version=\u00bb4.17.4&#8243; _module_preset=\u00bbdefault\u00bb global_colors_info=\u00bb{}\u00bb][et_pb_column type=\u00bb4_4&#8243; _builder_version=\u00bb4.17.4&#8243; _module_preset=\u00bbdefault\u00bb global_colors_info=\u00bb{}\u00bb][et_pb_text _builder_version=\u00bb4.17.4&#8243; _module_preset=\u00bbdefault\u00bb header_2_font_size=\u00bb46px\u00bb custom_margin=\u00bb||8px|||\u00bb custom_padding=\u00bb||0px|||\u00bb global_colors_info=\u00bb{}\u00bb]<\/p>\n<h2>1. Apartado para ni\u00f1os y ni\u00f1as<\/h2>\n<p>[\/et_pb_text][et_pb_divider _builder_version=\u00bb4.17.4&#8243; _module_preset=\u00bbdefault\u00bb custom_margin=\u00bb||-3px|||\u00bb global_colors_info=\u00bb{}\u00bb][\/et_pb_divider][\/et_pb_column][\/et_pb_row][\/et_pb_section][et_pb_section fb_built=\u00bb1&#8243; next_background_color=\u00bb#d6f9f9&#8243; _builder_version=\u00bb4.17.4&#8243; _module_preset=\u00bbdefault\u00bb background_color=\u00bb#FFFFFF\u00bb custom_padding=\u00bb30px|||||\u00bb top_divider_style=\u00bbclouds2&#8243; top_divider_color=\u00bb#d6f9f9&#8243; top_divider_height=\u00bb224px\u00bb bottom_divider_style=\u00bbwaves2&#8243; global_colors_info=\u00bb{}\u00bb][et_pb_row column_structure=\u00bb3_5,2_5&#8243; _builder_version=\u00bb4.17.4&#8243; _module_preset=\u00bbdefault\u00bb global_colors_info=\u00bb{}\u00bb][et_pb_column type=\u00bb3_5&#8243; _builder_version=\u00bb4.17.4&#8243; _module_preset=\u00bbdefault\u00bb global_colors_info=\u00bb{}\u00bb][et_pb_text _builder_version=\u00bb4.27.4&#8243; _module_preset=\u00bbdefault\u00bb header_font=\u00bbMontserrat|300|||||||\u00bb header_text_color=\u00bb#000000&#8243; header_font_size=\u00bb97px\u00bb width=\u00bb600px\u00bb max_width=\u00bb90%\u00bb module_alignment=\u00bbright\u00bb custom_margin=\u00bb0px||0px||false|false\u00bb custom_padding=\u00bb0px||0px||false|false\u00bb hover_enabled=\u00bb0&#8243; header_font_size_tablet=\u00bb80px\u00bb header_font_size_phone=\u00bb72px\u00bb module_alignment_tablet=\u00bbright\u00bb module_alignment_phone=\u00bbright\u00bb module_alignment_last_edited=\u00bbon|phone\u00bb global_colors_info=\u00bb{%22gcid-5318e0d0-0b7e-4959-a59e-911d546f39d2%22:%91%22text_text_color%22,%22text_text_color%22,%22text_text_color%22,%22header_2_text_color%22,%22text_text_color%22,%22header_2_text_color%22,%22text_text_color%22,%22header_2_text_color%22,%22text_text_color%22,%22header_2_text_color%22,%22text_text_color%22,%22header_2_text_color%22,%22text_text_color%22,%22header_2_text_color%22,%22text_text_color%22,%22header_2_text_color%22,%22text_text_color%22,%22header_2_text_color%22,%22text_text_color%22,%22header_2_text_color%22,%22text_text_color%22,%22header_2_text_color%22,%22text_text_color%22,%22header_2_text_color%22,%22text_text_color%22,%22header_2_text_color%22,%22text_text_color%22,%22header_2_text_color%22,%22text_text_color%22,%22header_2_text_color%22%93,%22gcid-db5ca738-5549-4fab-95fb-6d20359d62c6%22:%91%22header_3_text_color%22,%22header_3_text_color%22,%22header_3_text_color%22,%22header_3_text_color%22,%22header_3_text_color%22,%22header_3_text_color%22,%22header_3_text_color%22%93}\u00bb sticky_enabled=\u00bb0&#8243;]<\/p>\n<h2>\u00bfquieres jugar con nosotros?<\/h2>\n<p>Los ni\u00f1os tendr\u00e1n que elegir un juego en la pantalla de inicio de sesi\u00f3n. A cada personaje le gusta un juego. En funci\u00f3n de eso, los ni\u00f1os tendr\u00e1n que decidir con qui\u00e9n quieren jugar.  <\/p>\n<p>Cada juego tiene diferentes niveles y se puede repetir tantas veces como se desee. Adem\u00e1s, tendr\u00e1n la oportunidad de practicar euskera mientras juegan. <\/p>\n<p>.<\/p>\n<p>[\/et_pb_text][\/et_pb_column][et_pb_column type=\u00bb2_5&#8243; _builder_version=\u00bb4.17.4&#8243; _module_preset=\u00bbdefault\u00bb global_colors_info=\u00bb{}\u00bb][et_pb_image src=\u00bbhttps:\/\/emangiltza.eus\/wp-content\/uploads\/2022\/07\/umeak.gif\u00bb title_text=\u00bbNi\u00f1osy ni\u00f1as\u00bb url=\u00bbhttps:\/\/emangiltza.eus\/ku-ku\/\u00bb url_new_window=\u00bbon\u00bb align=\u00bbcenter\u00bb _builder_version=\u00bb4.21.0&#8243; _module_preset=\u00bbdefault\u00bb width=\u00bb90%\u00bb width_last_edited=\u00bboff|desktop\u00bb max_width=\u00bb450px\u00bb module_alignment=\u00bbcenter\u00bb scroll_vertical_motion_enable=\u00bbon\u00bb scroll_vertical_motion=\u00bb0|24|74|100|4|0|-4&#8243; scroll_scaling_enable=\u00bbon\u00bb scroll_scaling=\u00bb0|23|79|100|70|100|100&#8243; global_colors_info=\u00bb{}\u00bb width__hover_enabled=\u00bbon|hover\u00bb width__hover=\u00bb93%\u00bb][\/et_pb_image][\/et_pb_column][\/et_pb_row][\/et_pb_section][et_pb_section fb_built=\u00bb1&#8243; _builder_version=\u00bb4.17.4&#8243; _module_preset=\u00bbdefault\u00bb background_color=\u00bb#d6f9f9&#8243; custom_padding=\u00bb4px||0px|||\u00bb top_divider_color=\u00bb#e6fcb5&#8243; top_divider_height=\u00bb224px\u00bb global_colors_info=\u00bb{}\u00bb][et_pb_row _builder_version=\u00bb4.17.4&#8243; _module_preset=\u00bbdefault\u00bb global_colors_info=\u00bb{}\u00bb][et_pb_column type=\u00bb4_4&#8243; _builder_version=\u00bb4.17.4&#8243; _module_preset=\u00bbdefault\u00bb global_colors_info=\u00bb{}\u00bb][et_pb_text _builder_version=\u00bb4.17.4&#8243; _module_preset=\u00bbdefault\u00bb header_2_font_size=\u00bb46px\u00bb custom_margin=\u00bb||8px|||\u00bb custom_padding=\u00bb||0px|||\u00bb global_colors_info=\u00bb{}\u00bb]<\/p>\n<h2>2. Apartado para las familias<\/h2>\n<p>[\/et_pb_text][et_pb_divider _builder_version=\u00bb4.17.4&#8243; _module_preset=\u00bbdefault\u00bb custom_margin=\u00bb||-3px|||\u00bb global_colors_info=\u00bb{}\u00bb][\/et_pb_divider][\/et_pb_column][\/et_pb_row][et_pb_row column_structure=\u00bb3_5,2_5&#8243; _builder_version=\u00bb4.17.4&#8243; _module_preset=\u00bbdefault\u00bb global_colors_info=\u00bb{}\u00bb][et_pb_column type=\u00bb3_5&#8243; _builder_version=\u00bb4.17.4&#8243; _module_preset=\u00bbdefault\u00bb global_colors_info=\u00bb{}\u00bb][et_pb_text _builder_version=\u00bb4.17.4&#8243; _module_preset=\u00bbdefault\u00bb header_font=\u00bbMontserrat|300|||||||\u00bb header_text_color=\u00bb#000000&#8243; header_font_size=\u00bb97px\u00bb width=\u00bb600px\u00bb max_width=\u00bb90%\u00bb module_alignment=\u00bbright\u00bb custom_margin=\u00bb0px||0px||false|false\u00bb custom_padding=\u00bb0px||0px||false|false\u00bb header_font_size_tablet=\u00bb80px\u00bb header_font_size_phone=\u00bb72px\u00bb module_alignment_tablet=\u00bbright\u00bb module_alignment_phone=\u00bbright\u00bb module_alignment_last_edited=\u00bbon|phone\u00bb global_colors_info=\u00bb{%22gcid-5318e0d0-0b7e-4959-a59e-911d546f39d2%22:%91%22text_text_color%22,%22text_text_color%22,%22text_text_color%22,%22header_2_text_color%22,%22text_text_color%22,%22header_2_text_color%22,%22text_text_color%22,%22header_2_text_color%22,%22text_text_color%22,%22header_2_text_color%22,%22text_text_color%22,%22header_2_text_color%22,%22text_text_color%22,%22header_2_text_color%22,%22text_text_color%22,%22header_2_text_color%22,%22text_text_color%22,%22header_2_text_color%22,%22text_text_color%22,%22header_2_text_color%22,%22text_text_color%22,%22header_2_text_color%22,%22text_text_color%22,%22header_2_text_color%22,%22text_text_color%22,%22header_2_text_color%22,%22text_text_color%22,%22header_2_text_color%22,%22text_text_color%22,%22header_2_text_color%22%93,%22gcid-db5ca738-5549-4fab-95fb-6d20359d62c6%22:%91%22header_3_text_color%22,%22header_3_text_color%22,%22header_3_text_color%22,%22header_3_text_color%22,%22header_3_text_color%22,%22header_3_text_color%22,%22header_3_text_color%22%93}\u00bb]<\/p>\n<h2>\u00a1Dale euskera a tus hijas e hijos!<\/h2>\n<p>En este apartado encontrar\u00e1s herramientas \u00fatiles para las familias:<\/p>\n<p>&nbsp;<\/p>\n<p>[\/et_pb_text][et_pb_text _builder_version=\u00bb4.17.4&#8243; _module_preset=\u00bbdefault\u00bb header_font=\u00bbMontserrat|300|||||||\u00bb header_text_color=\u00bb#000000&#8243; header_font_size=\u00bb97px\u00bb background_color=\u00bbrgba(255,255,255,0.69)\u00bb width=\u00bb600px\u00bb max_width=\u00bb90%\u00bb max_width_tablet=\u00bb90%\u00bb max_width_phone=\u00bb100%\u00bb max_width_last_edited=\u00bbon|phone\u00bb module_alignment=\u00bbright\u00bb custom_margin=\u00bb0px||0px||false|false\u00bb custom_padding=\u00bb35px|51px|35px|51px|true|true\u00bb custom_padding_tablet=\u00bb35px|51px|35px|51px|true|true\u00bb custom_padding_phone=\u00bb21px|21px|21px|21px|true|true\u00bb custom_padding_last_edited=\u00bbon|phone\u00bb header_font_size_tablet=\u00bb80px\u00bb header_font_size_phone=\u00bb72px\u00bb background_color_phone=\u00bbrgba(255,255,255,0.71)\u00bb background_last_edited=\u00bbon|phone\u00bb background_enable_color_phone=\u00bbon\u00bb module_alignment_tablet=\u00bbright\u00bb module_alignment_phone=\u00bbright\u00bb module_alignment_last_edited=\u00bbon|phone\u00bb border_radii=\u00bbon|26px|26px|26px|26px\u00bb border_color_left=\u00bb#E02B20&#8243; border_radii_tablet=\u00bbon|26px|26px|26px|26px\u00bb border_radii_phone=\u00bbon|8px|8px|8px|8px\u00bb border_radii_last_edited=\u00bbon|phone\u00bb global_colors_info=\u00bb{%22gcid-5318e0d0-0b7e-4959-a59e-911d546f39d2%22:%91%22text_text_color%22,%22text_text_color%22,%22text_text_color%22,%22header_2_text_color%22,%22text_text_color%22,%22header_2_text_color%22,%22text_text_color%22,%22header_2_text_color%22,%22text_text_color%22,%22header_2_text_color%22,%22text_text_color%22,%22header_2_text_color%22,%22text_text_color%22,%22header_2_text_color%22,%22text_text_color%22,%22header_2_text_color%22,%22text_text_color%22,%22header_2_text_color%22,%22text_text_color%22,%22header_2_text_color%22,%22text_text_color%22,%22header_2_text_color%22,%22text_text_color%22,%22header_2_text_color%22,%22text_text_color%22,%22header_2_text_color%22,%22text_text_color%22,%22header_2_text_color%22,%22text_text_color%22,%22header_2_text_color%22%93,%22gcid-db5ca738-5549-4fab-95fb-6d20359d62c6%22:%91%22header_3_text_color%22,%22header_3_text_color%22,%22header_3_text_color%22,%22header_3_text_color%22,%22header_3_text_color%22,%22header_3_text_color%22,%22header_3_text_color%22%93}\u00bb]<\/p>\n<ul>\n<li>Proceso de desarrollo de la destreza ling\u00fc\u00edstica de ni\u00f1os y ni\u00f1as.<\/li>\n<li>Respuestas a las dudas y\/o preguntas que plantea la educaci\u00f3n en el multiling\u00fcismo.<\/li>\n<li>Peque\u00f1o diccionario.<\/li>\n<li>Posibilidad de aprender expresiones mediante locuciones<\/li>\n<li>Ejercicios de correcci\u00f3n de errores habituales en la conversaci\u00f3n con ni\u00f1os y ni\u00f1as.<\/li>\n<li>Juegos.<\/li>\n<li>Canciones.<\/li>\n<li>&#8230;<\/li>\n<\/ul>\n<p>[\/et_pb_text][\/et_pb_column][et_pb_column type=\u00bb2_5&#8243; _builder_version=\u00bb4.17.4&#8243; _module_preset=\u00bbdefault\u00bb global_colors_info=\u00bb{}\u00bb][et_pb_image src=\u00bbhttps:\/\/emangiltza.eus\/wp-content\/uploads\/2022\/07\/gurasoak2.jpg\u00bb title_text=\u00bbgurasoak2&#8243; url=\u00bbhttps:\/\/emangiltza.eus\/ku-ku\/\u00bb url_new_window=\u00bbon\u00bb align=\u00bbcenter\u00bb _builder_version=\u00bb4.21.0&#8243; _module_preset=\u00bbdefault\u00bb width=\u00bb90%\u00bb width_last_edited=\u00bboff|desktop\u00bb max_width=\u00bb450px\u00bb module_alignment=\u00bbcenter\u00bb scroll_vertical_motion=\u00bb0|24|74|100|4|0|-4&#8243; scroll_horizontal_motion_enable=\u00bbon\u00bb scroll_horizontal_motion=\u00bb0|41|73|100|4|0|2&#8243; scroll_scaling_enable=\u00bbon\u00bb scroll_scaling=\u00bb0|23|79|100|70|100|100&#8243; global_colors_info=\u00bb{}\u00bb width__hover_enabled=\u00bbon|hover\u00bb width__hover=\u00bb93%\u00bb][\/et_pb_image][\/et_pb_column][\/et_pb_row][\/et_pb_section]<\/p>\n","protected":false},"excerpt":{"rendered":"<p>Ku-ku! La aplicaci\u00f3n Ku-ku es una herramienta de apoyo a familias que quieren educar a sus hijas e hijos en el multiling\u00fcismo. Las ni\u00f1as y ni\u00f1os tienen una capacidad innata para aprender varias lenguas de manera simult\u00e1nea. Como cualquier otra habilidad, se necesita practicar y en esa tarea es imprescindible la colaboraci\u00f3n de las familias. [&hellip;]<\/p>\n","protected":false},"author":1,"featured_media":0,"parent":0,"menu_order":0,"comment_status":"closed","ping_status":"closed","template":"","meta":{"_et_pb_use_builder":"on","_et_pb_old_content":"","_et_gb_content_width":"","footnotes":""},"class_list":["post-1487","page","type-page","status-publish","hentry"],"_links":{"self":[{"href":"https:\/\/emangiltza.eus\/es\/wp-json\/wp\/v2\/pages\/1487","targetHints":{"allow":["GET"]}}],"collection":[{"href":"https:\/\/emangiltza.eus\/es\/wp-json\/wp\/v2\/pages"}],"about":[{"href":"https:\/\/emangiltza.eus\/es\/wp-json\/wp\/v2\/types\/page"}],"author":[{"embeddable":true,"href":"https:\/\/emangiltza.eus\/es\/wp-json\/wp\/v2\/users\/1"}],"replies":[{"embeddable":true,"href":"https:\/\/emangiltza.eus\/es\/wp-json\/wp\/v2\/comments?post=1487"}],"version-history":[{"count":32,"href":"https:\/\/emangiltza.eus\/es\/wp-json\/wp\/v2\/pages\/1487\/revisions"}],"predecessor-version":[{"id":2773,"href":"https:\/\/emangiltza.eus\/es\/wp-json\/wp\/v2\/pages\/1487\/revisions\/2773"}],"wp:attachment":[{"href":"https:\/\/emangiltza.eus\/es\/wp-json\/wp\/v2\/media?parent=1487"}],"curies":[{"name":"wp","href":"https:\/\/api.w.org\/{rel}","templated":true}]}}