{"id":2792,"date":"2025-10-19T20:08:47","date_gmt":"2025-10-19T19:08:47","guid":{"rendered":"https:\/\/emangiltza.eus\/consejos-de-profesionales\/"},"modified":"2025-10-20T16:01:44","modified_gmt":"2025-10-20T15:01:44","slug":"consejos-de-profesionales","status":"publish","type":"page","link":"https:\/\/emangiltza.eus\/es\/consejos-de-profesionales\/","title":{"rendered":"Consejos de profesionales"},"content":{"rendered":"<p>[et_pb_section fb_built=\u00bb1&#8243; admin_label=\u00bbBideoak 2024&#8243; _builder_version=\u00bb4.17.4&#8243; _module_preset=\u00bbdefault\u00bb locked=\u00bboff\u00bb global_colors_info=\u00bb{}\u00bb theme_builder_area=\u00bbpost_content\u00bb][et_pb_row _builder_version=\u00bb4.27.4&#8243; _module_preset=\u00bbdefault\u00bb background_color=\u00bb#fff0e0&#8243; width=\u00bb100%\u00bb max_width=\u00bb100%\u00bb module_alignment=\u00bbcenter\u00bb custom_margin=\u00bb-70px||||false|true\u00bb custom_padding=\u00bb84px|10%||10%|false|true\u00bb hover_enabled=\u00bb0&#8243; global_colors_info=\u00bb{}\u00bb theme_builder_area=\u00bbpost_content\u00bb custom_margin_last_edited=\u00bbon|desktop\u00bb sticky_enabled=\u00bb0&#8243; custom_margin_tablet=\u00bb-70px||||false|true\u00bb custom_margin_phone=\u00bb-70px||||false|true\u00bb][et_pb_column type=\u00bb4_4&#8243; _builder_version=\u00bb4.17.4&#8243; _module_preset=\u00bbdefault\u00bb global_colors_info=\u00bb{}\u00bb theme_builder_area=\u00bbpost_content\u00bb][et_pb_text _builder_version=\u00bb4.27.4&#8243; _module_preset=\u00bbdefault\u00bb text_font=\u00bbMontserrat|300|||||||\u00bb header_2_font_size=\u00bb42px\u00bb header_3_font_size=\u00bb18px\u00bb width=\u00bb80%\u00bb max_width=\u00bb1000px\u00bb module_alignment=\u00bbcenter\u00bb hover_enabled=\u00bb0&#8243; text_font_tablet=\u00bbMontserrat|300|||||||\u00bb text_font_phone=\u00bbMontserrat||||||||\u00bb text_font_last_edited=\u00bbon|phone\u00bb header_font_size_phone=\u00bb19px\u00bb header_2_font_size_tablet=\u00bb36px\u00bb header_2_font_size_phone=\u00bb24px\u00bb header_2_font_size_last_edited=\u00bbon|tablet\u00bb header_3_font_size_tablet=\u00bb18px\u00bb global_colors_info=\u00bb{}\u00bb theme_builder_area=\u00bbpost_content\u00bb sticky_enabled=\u00bb0&#8243;]<\/p>\n<h1 style=\"text-align: center;\">Dales la llave del euskera a los peque\u00f1os y peque\u00f1as de la casa.<\/h1>\n<h2 style=\"text-align: center;\">CONSEJOS DE PROFESIONALES<\/h2>\n<p>[\/et_pb_text][\/et_pb_column][\/et_pb_row][et_pb_row column_structure=\u00bb1_2,1_2&#8243; _builder_version=\u00bb4.27.4&#8243; _module_preset=\u00bbdefault\u00bb width=\u00bb90%\u00bb max_width=\u00bb1200px\u00bb custom_margin=\u00bb-19px|auto||auto||\u00bb hover_enabled=\u00bb0&#8243; global_colors_info=\u00bb{}\u00bb theme_builder_area=\u00bbpost_content\u00bb sticky_enabled=\u00bb0&#8243;][et_pb_column type=\u00bb1_2&#8243; _builder_version=\u00bb4.17.4&#8243; _module_preset=\u00bbdefault\u00bb global_colors_info=\u00bb{}\u00bb theme_builder_area=\u00bbpost_content\u00bb][et_pb_video src=\u00bbhttps:\/\/youtu.be\/KAB_jddLIOU\u00bb _builder_version=\u00bb4.27.4&#8243; _module_preset=\u00bbdefault\u00bb global_colors_info=\u00bb{}\u00bb theme_builder_area=\u00bbpost_content\u00bb][\/et_pb_video][et_pb_text _builder_version=\u00bb4.23.1&#8243; _module_preset=\u00bbdefault\u00bb text_font=\u00bbMontserrat|300|||||||\u00bb header_text_color=\u00bb#000000&#8243; header_2_font_size=\u00bb34px\u00bb header_3_text_color=\u00bb#a3594c\u00bb header_3_font_size=\u00bb18px\u00bb text_font_tablet=\u00bbMontserrat|300|||||||\u00bb text_font_phone=\u00bbMontserrat||||||||\u00bb text_font_last_edited=\u00bbon|phone\u00bb global_colors_info=\u00bb{%22gcid-5318e0d0-0b7e-4959-a59e-911d546f39d2%22:%91%22text_text_color%22,%22text_text_color%22,%22text_text_color%22%93}\u00bb theme_builder_area=\u00bbpost_content\u00bb]<\/p>\n<h3>Eukene Larrea<\/h3>\n<h2><span>Consejos para empezar en euskera.<\/span><\/h2>\n<p style=\"font-weight: 400;\"><span>Eukene estudi\u00f3 psicolog\u00eda. Es profesora y agente cultural.<\/span><span> <\/span><\/p>\n<p style=\"font-weight: 400;\"><strong>\u2013 Habla euskera, \u00a1sin complejos!<\/strong><\/p>\n<p>[\/et_pb_text][\/et_pb_column][et_pb_column type=\u00bb1_2&#8243; _builder_version=\u00bb4.17.4&#8243; _module_preset=\u00bbdefault\u00bb global_colors_info=\u00bb{}\u00bb theme_builder_area=\u00bbpost_content\u00bb][et_pb_video src=\u00bbhttps:\/\/youtu.be\/zG6uF4x0ZTA\u00bb _builder_version=\u00bb4.23.1&#8243; _module_preset=\u00bbdefault\u00bb global_colors_info=\u00bb{}\u00bb theme_builder_area=\u00bbpost_content\u00bb][\/et_pb_video][et_pb_text _builder_version=\u00bb4.23.1&#8243; _module_preset=\u00bbdefault\u00bb text_font=\u00bbMontserrat|300|||||||\u00bb header_text_color=\u00bb#000000&#8243; header_2_font_size=\u00bb34px\u00bb header_3_text_color=\u00bb#a3594c\u00bb header_3_font_size=\u00bb18px\u00bb text_font_tablet=\u00bbMontserrat|300|||||||\u00bb text_font_phone=\u00bbMontserrat||||||||\u00bb text_font_last_edited=\u00bbon|phone\u00bb global_colors_info=\u00bb{%22gcid-5318e0d0-0b7e-4959-a59e-911d546f39d2%22:%91%22text_text_color%22,%22text_text_color%22%93}\u00bb theme_builder_area=\u00bbpost_content\u00bb]<\/p>\n<h3>Katalin Larrea<\/h3>\n<h2>Euskera y educaci\u00f3n.<\/h2>\n<p><span>Katalin es la directora de la ikastola Abusu. <\/span><\/p>\n<p><strong>\u00abLos padres y las madres somos una parte importante del idioma y de la educaci\u00f3n de nuestros hijos e hijas\u00bb.<\/strong><\/p>\n<p>[\/et_pb_text][\/et_pb_column][\/et_pb_row][\/et_pb_section][et_pb_section fb_built=\u00bb1&#8243; admin_label=\u00bbBideoak 2024&#8243; _builder_version=\u00bb4.17.4&#8243; _module_preset=\u00bbdefault\u00bb locked=\u00bboff\u00bb global_colors_info=\u00bb{}\u00bb theme_builder_area=\u00bbpost_content\u00bb][et_pb_row column_structure=\u00bb1_2,1_2&#8243; _builder_version=\u00bb4.27.4&#8243; _module_preset=\u00bbdefault\u00bb width=\u00bb90%\u00bb max_width=\u00bb1200px\u00bb custom_margin=\u00bb-19px|auto||auto||\u00bb global_colors_info=\u00bb{}\u00bb theme_builder_area=\u00bbpost_content\u00bb][et_pb_column type=\u00bb1_2&#8243; _builder_version=\u00bb4.17.4&#8243; _module_preset=\u00bbdefault\u00bb global_colors_info=\u00bb{}\u00bb theme_builder_area=\u00bbpost_content\u00bb][et_pb_video src=\u00bbhttps:\/\/youtu.be\/id5IZMnfTmI\u00bb _builder_version=\u00bb4.23.1&#8243; _module_preset=\u00bbdefault\u00bb global_colors_info=\u00bb{}\u00bb theme_builder_area=\u00bbpost_content\u00bb][\/et_pb_video][et_pb_text _builder_version=\u00bb4.23.1&#8243; _module_preset=\u00bbdefault\u00bb text_font=\u00bbMontserrat|300|||||||\u00bb header_text_color=\u00bb#000000&#8243; header_2_font_size=\u00bb34px\u00bb header_3_text_color=\u00bb#a3594c\u00bb header_3_font_size=\u00bb18px\u00bb text_font_tablet=\u00bbMontserrat|300|||||||\u00bb text_font_phone=\u00bbMontserrat||||||||\u00bb text_font_last_edited=\u00bbon|phone\u00bb global_colors_info=\u00bb{%22gcid-5318e0d0-0b7e-4959-a59e-911d546f39d2%22:%91%22text_text_color%22,%22text_text_color%22%93}\u00bb theme_builder_area=\u00bbpost_content\u00bb]<\/p>\n<h3>Edurne Arrizabalaga<\/h3>\n<h2>El uso de los \u00abeuskalkis\u00bb<\/h2>\n<p><span>Edurne es profesora en Markina-Xemein. Utiliza el dialecto de Ondarroa. <\/span><\/p>\n<p><strong>\u00abLos \u00abeuskalkis\u00bb aportan riqueza al idioma\u00bb.<\/strong><\/p>\n<p>[\/et_pb_text][\/et_pb_column][et_pb_column type=\u00bb1_2&#8243; _builder_version=\u00bb4.17.4&#8243; _module_preset=\u00bbdefault\u00bb global_colors_info=\u00bb{}\u00bb theme_builder_area=\u00bbpost_content\u00bb][et_pb_video src=\u00bbhttps:\/\/youtu.be\/Rl5gqEeevpQ\u00bb _builder_version=\u00bb4.23.1&#8243; _module_preset=\u00bbdefault\u00bb global_colors_info=\u00bb{}\u00bb theme_builder_area=\u00bbpost_content\u00bb][\/et_pb_video][et_pb_text _builder_version=\u00bb4.27.4&#8243; _module_preset=\u00bbdefault\u00bb text_font=\u00bbMontserrat|300|||||||\u00bb header_text_color=\u00bb#000000&#8243; header_2_font_size=\u00bb34px\u00bb header_3_text_color=\u00bb#a3594c\u00bb header_3_font_size=\u00bb18px\u00bb text_font_tablet=\u00bbMontserrat|300|||||||\u00bb text_font_phone=\u00bbMontserrat||||||||\u00bb text_font_last_edited=\u00bbon|phone\u00bb header_2_font_size_tablet=\u00bb36px\u00bb header_3_font_size_tablet=\u00bb18px\u00bb global_colors_info=\u00bb{%22gcid-5318e0d0-0b7e-4959-a59e-911d546f39d2%22:%91%22text_text_color%22%93}\u00bb theme_builder_area=\u00bbpost_content\u00bb]<\/p>\n<h3>Patxo Larrinoa<\/h3>\n<h2>Consejos para la transmisi\u00f3n del euskera<\/h2>\n<p><span>Patxo irakaslea da.<br \/>Txiki-txikitatik euskara transmititzearen garrantzia azpimarratzen du. <\/span><\/p>\n<p><strong>\u00abTrabajando en conjunto y partiendo desde la realidad de cada persona, podemos hacer mucho a favor de la transmisi\u00f3n del euskera\u00bb.<\/strong><\/p>\n<p>[\/et_pb_text][\/et_pb_column][\/et_pb_row][\/et_pb_section][et_pb_section fb_built=\u00bb1&#8243; admin_label=\u00bbBideoak 2024&#8243; _builder_version=\u00bb4.17.4&#8243; _module_preset=\u00bbdefault\u00bb locked=\u00bboff\u00bb global_colors_info=\u00bb{}\u00bb theme_builder_area=\u00bbpost_content\u00bb][et_pb_row column_structure=\u00bb1_2,1_2&#8243; _builder_version=\u00bb4.27.4&#8243; _module_preset=\u00bbdefault\u00bb width=\u00bb90%\u00bb max_width=\u00bb1200px\u00bb custom_margin=\u00bb-19px|auto||auto||\u00bb global_colors_info=\u00bb{}\u00bb theme_builder_area=\u00bbpost_content\u00bb][et_pb_column type=\u00bb1_2&#8243; _builder_version=\u00bb4.17.4&#8243; _module_preset=\u00bbdefault\u00bb global_colors_info=\u00bb{}\u00bb theme_builder_area=\u00bbpost_content\u00bb][\/et_pb_column][et_pb_column type=\u00bb1_2&#8243; _builder_version=\u00bb4.17.4&#8243; _module_preset=\u00bbdefault\u00bb global_colors_info=\u00bb{}\u00bb theme_builder_area=\u00bbpost_content\u00bb][et_pb_video src=\u00bbhttps:\/\/youtu.be\/j6nmEkg_Vy0&#8243; _builder_version=\u00bb4.23.1&#8243; _module_preset=\u00bbdefault\u00bb global_colors_info=\u00bb{}\u00bb theme_builder_area=\u00bbpost_content\u00bb][\/et_pb_video][et_pb_text _builder_version=\u00bb4.23.1&#8243; _module_preset=\u00bbdefault\u00bb text_font=\u00bbMontserrat|300|||||||\u00bb header_text_color=\u00bb#000000&#8243; header_2_font_size=\u00bb34px\u00bb header_3_text_color=\u00bb#a3594c\u00bb header_3_font_size=\u00bb18px\u00bb text_font_tablet=\u00bbMontserrat|300|||||||\u00bb text_font_phone=\u00bbMontserrat||||||||\u00bb text_font_last_edited=\u00bbon|phone\u00bb global_colors_info=\u00bb{%22gcid-5318e0d0-0b7e-4959-a59e-911d546f39d2%22:%91%22text_text_color%22,%22text_text_color%22%93}\u00bb theme_builder_area=\u00bbpost_content\u00bb]<\/p>\n<h3>Eneko Espeja<\/h3>\n<h2><span>Euskera y futuro<\/span><\/h2>\n<p><span>Eneko es profesor en el instituto de Gabriel Aresti. <br \/>Nos habla sobre el valor a\u00f1adido que supone el euskara en la educaci\u00f3n. <\/span><\/p>\n<p><strong>\u00abEl euskera nos abre las puertas de futuro\u00bb.<\/strong><\/p>\n<p>[\/et_pb_text][\/et_pb_column][\/et_pb_row][\/et_pb_section]<\/p>\n","protected":false},"excerpt":{"rendered":"<p>Dales la llave del euskera a los peque\u00f1os y peque\u00f1as de la casa. CONSEJOS DE PROFESIONALESEukene Larrea Consejos para empezar en euskera. Eukene estudi\u00f3 psicolog\u00eda. Es profesora y agente cultural. \u2013 Habla euskera, \u00a1sin complejos!Katalin Larrea Euskera y educaci\u00f3n. Katalin es la directora de la ikastola Abusu. \u00abLos padres y las madres somos una parte [&hellip;]<\/p>\n","protected":false},"author":1,"featured_media":0,"parent":0,"menu_order":0,"comment_status":"closed","ping_status":"closed","template":"","meta":{"_et_pb_use_builder":"on","_et_pb_old_content":"","_et_gb_content_width":"","footnotes":""},"class_list":["post-2792","page","type-page","status-publish","hentry"],"_links":{"self":[{"href":"https:\/\/emangiltza.eus\/es\/wp-json\/wp\/v2\/pages\/2792","targetHints":{"allow":["GET"]}}],"collection":[{"href":"https:\/\/emangiltza.eus\/es\/wp-json\/wp\/v2\/pages"}],"about":[{"href":"https:\/\/emangiltza.eus\/es\/wp-json\/wp\/v2\/types\/page"}],"author":[{"embeddable":true,"href":"https:\/\/emangiltza.eus\/es\/wp-json\/wp\/v2\/users\/1"}],"replies":[{"embeddable":true,"href":"https:\/\/emangiltza.eus\/es\/wp-json\/wp\/v2\/comments?post=2792"}],"version-history":[{"count":2,"href":"https:\/\/emangiltza.eus\/es\/wp-json\/wp\/v2\/pages\/2792\/revisions"}],"predecessor-version":[{"id":2794,"href":"https:\/\/emangiltza.eus\/es\/wp-json\/wp\/v2\/pages\/2792\/revisions\/2794"}],"wp:attachment":[{"href":"https:\/\/emangiltza.eus\/es\/wp-json\/wp\/v2\/media?parent=2792"}],"curies":[{"name":"wp","href":"https:\/\/api.w.org\/{rel}","templated":true}]}}