{"id":1484,"date":"2022-07-18T07:26:01","date_gmt":"2022-07-18T06:26:01","guid":{"rendered":"https:\/\/emangiltza.eus\/ku-ku\/"},"modified":"2025-10-20T15:49:31","modified_gmt":"2025-10-20T14:49:31","slug":"ku-ku","status":"publish","type":"page","link":"https:\/\/emangiltza.eus\/fr\/ku-ku\/","title":{"rendered":"KU-KU!"},"content":{"rendered":"<p>[et_pb_section fb_built=\u00a0\u00bb1&Prime; _builder_version=\u00a0\u00bb4.17.4&Prime; _module_preset=\u00a0\u00bbdefault\u00a0\u00bb background_color=\u00a0\u00bb#d6f9f9&Prime; use_background_color_gradient=\u00a0\u00bbon\u00a0\u00bb background_color_gradient_stops=\u00a0\u00bb#2ce0d4 0%|rgba(41,196,169,0) 100%\u00a0\u00bb background_enable_pattern_style=\u00a0\u00bbon\u00a0\u00bb background_pattern_style=\u00a0\u00bb3d-diamonds\u00a0\u00bb background_pattern_color=\u00a0\u00bbrgba(255,255,255,0.2)\u00a0\u00bb custom_padding=\u00a0\u00bb||2px|||\u00a0\u00bb top_divider_style=\u00a0\u00bbslant2&Prime; top_divider_color=\u00a0\u00bb#ffffff\u00a0\u00bb top_divider_height=\u00a0\u00bb224px\u00a0\u00bb global_colors_info=\u00a0\u00bb{}\u00a0\u00bb][et_pb_row column_structure=\u00a0\u00bb3_5,2_5&Prime; _builder_version=\u00a0\u00bb4.17.4&Prime; _module_preset=\u00a0\u00bbdefault\u00a0\u00bb min_height=\u00a0\u00bb470.5px\u00a0\u00bb global_colors_info=\u00a0\u00bb{}\u00a0\u00bb][et_pb_column type=\u00a0\u00bb3_5&Prime; _builder_version=\u00a0\u00bb4.17.4&Prime; _module_preset=\u00a0\u00bbdefault\u00a0\u00bb global_colors_info=\u00a0\u00bb{}\u00a0\u00bb][et_pb_text _builder_version=\u00a0\u00bb4.17.4&Prime; _module_preset=\u00a0\u00bbdefault\u00a0\u00bb header_font=\u00a0\u00bbMontserrat|300|||||||\u00a0\u00bb header_text_color=\u00a0\u00bb#000000&Prime; header_font_size=\u00a0\u00bb97px\u00a0\u00bb width=\u00a0\u00bb600px\u00a0\u00bb max_width=\u00a0\u00bb90%\u00a0\u00bb module_alignment=\u00a0\u00bbright\u00a0\u00bb custom_margin=\u00a0\u00bb0px||0px||false|false\u00a0\u00bb custom_padding=\u00a0\u00bb0px||0px||false|false\u00a0\u00bb header_font_size_tablet=\u00a0\u00bb80px\u00a0\u00bb header_font_size_phone=\u00a0\u00bb72px\u00a0\u00bb module_alignment_tablet=\u00a0\u00bbright\u00a0\u00bb module_alignment_phone=\u00a0\u00bbright\u00a0\u00bb module_alignment_last_edited=\u00a0\u00bbon|phone\u00a0\u00bb global_colors_info=\u00a0\u00bb{%22gcid-5318e0d0-0b7e-4959-a59e-911d546f39d2%22:%91%22text_text_color%22,%22text_text_color%22,%22text_text_color%22,%22header_2_text_color%22,%22text_text_color%22,%22header_2_text_color%22,%22text_text_color%22,%22header_2_text_color%22,%22text_text_color%22,%22header_2_text_color%22,%22text_text_color%22,%22header_2_text_color%22,%22text_text_color%22,%22header_2_text_color%22,%22text_text_color%22,%22header_2_text_color%22,%22text_text_color%22,%22header_2_text_color%22,%22text_text_color%22,%22header_2_text_color%22,%22text_text_color%22,%22header_2_text_color%22,%22text_text_color%22,%22header_2_text_color%22,%22text_text_color%22,%22header_2_text_color%22,%22text_text_color%22,%22header_2_text_color%22,%22text_text_color%22,%22header_2_text_color%22%93,%22gcid-db5ca738-5549-4fab-95fb-6d20359d62c6%22:%91%22header_3_text_color%22,%22header_3_text_color%22,%22header_3_text_color%22,%22header_3_text_color%22,%22header_3_text_color%22,%22header_3_text_color%22,%22header_3_text_color%22%93}\u00a0\u00bb]<\/p>\n<h1>Ku-ku!<\/h1>\n<p>L&rsquo;application Ku-ku est un outil d&rsquo;aide aux familles qui souhaitent \u00e9duquer leurs fils et leurs filles au multilinguisme.<\/p>\n<p>Les filles et les gar\u00e7ons ont une capacit\u00e9 inn\u00e9e \u00e0 apprendre plusieurs langues simultan\u00e9ment. Comme toute autre comp\u00e9tence, vous devez vous entra\u00eener et dans cette t\u00e2che, la collaboration des familles est essentielle.<\/p>\n<p><strong>Il est facile pour les enfants d\u2019apprendre le basque.<\/strong><\/p>\n<p>[\/et_pb_text][\/et_pb_column][et_pb_column type=\u00a0\u00bb2_5&Prime; _builder_version=\u00a0\u00bb4.17.4&Prime; _module_preset=\u00a0\u00bbdefault\u00a0\u00bb global_colors_info=\u00a0\u00bb{}\u00a0\u00bb][et_pb_image src=\u00a0\u00bbhttps:\/\/emangiltza.eus\/wp-content\/uploads\/2022\/07\/kukuapp.jpg\u00a0\u00bb title_text=\u00a0\u00bbkukuapp\u00a0\u00bb url=\u00a0\u00bbhttps:\/\/emangiltza.eus\/ku-ku\/\u00a0\u00bb url_new_window=\u00a0\u00bbon\u00a0\u00bb align=\u00a0\u00bbcenter\u00a0\u00bb _builder_version=\u00a0\u00bb4.17.4&Prime; _module_preset=\u00a0\u00bbdefault\u00a0\u00bb width=\u00a0\u00bb90%\u00a0\u00bb width_last_edited=\u00a0\u00bboff|desktop\u00a0\u00bb max_width=\u00a0\u00bb450px\u00a0\u00bb module_alignment=\u00a0\u00bbcenter\u00a0\u00bb animation_style=\u00a0\u00bbbounce\u00a0\u00bb border_radii=\u00a0\u00bbon|1508px|1508px|1508px|1508px\u00a0\u00bb box_shadow_style=\u00a0\u00bbpreset3&Prime; box_shadow_vertical=\u00a0\u00bb20px\u00a0\u00bb box_shadow_blur=\u00a0\u00bb38px\u00a0\u00bb box_shadow_color=\u00a0\u00bbrgba(12,113,195,0.4)\u00a0\u00bb global_colors_info=\u00a0\u00bb{}\u00a0\u00bb width__hover_enabled=\u00a0\u00bbon|hover\u00a0\u00bb width__hover=\u00a0\u00bb93%\u00a0\u00bb][\/et_pb_image][et_pb_text _builder_version=\u00a0\u00bb4.17.4&Prime; _module_preset=\u00a0\u00bbdefault\u00a0\u00bb text_font_size=\u00a0\u00bb15px\u00a0\u00bb text_orientation=\u00a0\u00bbcenter\u00a0\u00bb link_option_url=\u00a0\u00bbhttps:\/\/emangiltza.eus\/fr\/lege-oharra-kuk\/\u00a0\u00bb link_option_url_new_window=\u00a0\u00bbon\u00a0\u00bb global_colors_info=\u00a0\u00bb{}\u00a0\u00bb]<\/p>\n<p>En jouant, vous acceptez <a href=\"https:\/\/emangiltza.eus\/fr\/lege-oharra-kuk\/\" target=\"_blank\" rel=\"noopener\"><span style=\"text-decoration: underline;\"><span style=\"color: #008080; text-decoration: underline;\"><strong>les conditions des mentions l\u00e9gales.<\/strong><\/span><\/span><\/a><\/p>\n<p>[\/et_pb_text][et_pb_button button_url=\u00a0\u00bbhttps:\/\/emangiltza.eus\/ku-ku\/\u00a0\u00bb url_new_window=\u00a0\u00bbon\u00a0\u00bb button_text=\u00a0\u00bbAllons jouer!\u00a0\u00bb button_alignment=\u00a0\u00bbcenter\u00a0\u00bb _builder_version=\u00a0\u00bb4.17.4&Prime; _module_preset=\u00a0\u00bbdefault\u00a0\u00bb global_colors_info=\u00a0\u00bb{}\u00a0\u00bb][\/et_pb_button][\/et_pb_column][\/et_pb_row][et_pb_row _builder_version=\u00a0\u00bb4.17.4&Prime; _module_preset=\u00a0\u00bbdefault\u00a0\u00bb custom_padding=\u00a0\u00bb5px|||||\u00a0\u00bb global_colors_info=\u00a0\u00bb{}\u00a0\u00bb][et_pb_column type=\u00a0\u00bb4_4&Prime; _builder_version=\u00a0\u00bb4.17.4&Prime; _module_preset=\u00a0\u00bbdefault\u00a0\u00bb global_colors_info=\u00a0\u00bb{}\u00a0\u00bb][et_pb_text _builder_version=\u00a0\u00bb4.17.4&Prime; _module_preset=\u00a0\u00bbdefault\u00a0\u00bb background_color=\u00a0\u00bbrgba(12,113,195,0.3)\u00a0\u00bb width=\u00a0\u00bb90%\u00a0\u00bb max_width=\u00a0\u00bb980px\u00a0\u00bb module_alignment=\u00a0\u00bbcenter\u00a0\u00bb custom_padding=\u00a0\u00bb50px|25px|50px|25px|true|true\u00a0\u00bb border_radii=\u00a0\u00bbon|200px|200px|200px|200px\u00a0\u00bb global_colors_info=\u00a0\u00bb{}\u00a0\u00bb]<\/p>\n<h2 style=\"text-align: center;\">Enlevez Ku-ku ! o\u00f9 tu veux.<\/h2>\n<p style=\"text-align: center;\">Installez l&rsquo;application Ku-ku! sur votre t\u00e9l\u00e9phone et utilisez-la avec vos enfants.<\/p>\n<p>[\/et_pb_text][\/et_pb_column][\/et_pb_row][et_pb_row column_structure=\u00a0\u00bb1_2,1_2&Prime; _builder_version=\u00a0\u00bb4.17.4&Prime; _module_preset=\u00a0\u00bbdefault\u00a0\u00bb global_colors_info=\u00a0\u00bb{}\u00a0\u00bb][et_pb_column type=\u00a0\u00bb1_2&Prime; _builder_version=\u00a0\u00bb4.17.4&Prime; _module_preset=\u00a0\u00bbdefault\u00a0\u00bb global_colors_info=\u00a0\u00bb{}\u00a0\u00bb][et_pb_blurb title=\u00a0\u00bbAndroid\u00a0\u00bb image=\u00a0\u00bbhttps:\/\/emangiltza.eus\/wp-content\/uploads\/2022\/10\/kuku.webp\u00a0\u00bb image_icon_width=\u00a0\u00bb200px\u00a0\u00bb content_max_width=\u00a0\u00bb90%\u00a0\u00bb _builder_version=\u00a0\u00bb4.17.4&Prime; _module_preset=\u00a0\u00bbdefault\u00a0\u00bb text_orientation=\u00a0\u00bbcenter\u00a0\u00bb width=\u00a0\u00bb400px\u00a0\u00bb module_alignment=\u00a0\u00bbcenter\u00a0\u00bb link_option_url=\u00a0\u00bbhttps:\/\/play.google.com\/store\/apps\/details?id=com.eregi.kuku2&Prime; link_option_url_new_window=\u00a0\u00bbon\u00a0\u00bb global_colors_info=\u00a0\u00bb{}\u00a0\u00bb]<\/p>\n<p>Si vous avez un appareil Android, t\u00e9l\u00e9chargez notre application Ku-ku ! d&rsquo;ici.<\/p>\n<p>[\/et_pb_blurb][\/et_pb_column][et_pb_column type=\u00a0\u00bb1_2&Prime; _builder_version=\u00a0\u00bb4.17.4&Prime; _module_preset=\u00a0\u00bbdefault\u00a0\u00bb global_colors_info=\u00a0\u00bb{}\u00a0\u00bb][et_pb_blurb title=\u00a0\u00bbIOS\/Apple\u00a0\u00bb image=\u00a0\u00bbhttps:\/\/emangiltza.eus\/wp-content\/uploads\/2022\/10\/kukuapple.webp\u00a0\u00bb image_icon_width=\u00a0\u00bb200px\u00a0\u00bb content_max_width=\u00a0\u00bb90%\u00a0\u00bb _builder_version=\u00a0\u00bb4.17.4&Prime; _module_preset=\u00a0\u00bbdefault\u00a0\u00bb text_orientation=\u00a0\u00bbcenter\u00a0\u00bb width=\u00a0\u00bb400px\u00a0\u00bb module_alignment=\u00a0\u00bbcenter\u00a0\u00bb link_option_url=\u00a0\u00bbhttps:\/\/apps.apple.com\/es\/app\/ku-ku\/id1637831092&Prime; link_option_url_new_window=\u00a0\u00bbon\u00a0\u00bb border_radii_image=\u00a0\u00bbon|36px|36px|36px|36px\u00a0\u00bb global_colors_info=\u00a0\u00bb{}\u00a0\u00bb]<\/p>\n<p>Si vous avez un appareil Apple, t\u00e9l\u00e9chargez notre application Ku-ku ! d&rsquo;ici.<\/p>\n<p>[\/et_pb_blurb][\/et_pb_column][\/et_pb_row][\/et_pb_section][et_pb_section fb_built=\u00a0\u00bb1&Prime; _builder_version=\u00a0\u00bb4.17.4&Prime; _module_preset=\u00a0\u00bbdefault\u00a0\u00bb background_color=\u00a0\u00bb#d6f9f9&Prime; custom_padding=\u00a0\u00bb4px||0px|||\u00a0\u00bb top_divider_color=\u00a0\u00bb#e6fcb5&Prime; top_divider_height=\u00a0\u00bb224px\u00a0\u00bb global_colors_info=\u00a0\u00bb{}\u00a0\u00bb][et_pb_row _builder_version=\u00a0\u00bb4.17.4&Prime; _module_preset=\u00a0\u00bbdefault\u00a0\u00bb custom_padding=\u00a0\u00bb4px||8px|||\u00a0\u00bb global_colors_info=\u00a0\u00bb{}\u00a0\u00bb][et_pb_column type=\u00a0\u00bb4_4&Prime; _builder_version=\u00a0\u00bb4.17.4&Prime; _module_preset=\u00a0\u00bbdefault\u00a0\u00bb global_colors_info=\u00a0\u00bb{}\u00a0\u00bb][et_pb_text _builder_version=\u00a0\u00bb4.27.4&Prime; _module_preset=\u00a0\u00bbdefault\u00a0\u00bb header_font=\u00a0\u00bbMontserrat|300|||||||\u00a0\u00bb header_text_color=\u00a0\u00bb#000000&Prime; header_font_size=\u00a0\u00bb97px\u00a0\u00bb width=\u00a0\u00bb650px\u00a0\u00bb max_width=\u00a0\u00bb90%\u00a0\u00bb module_alignment=\u00a0\u00bbcenter\u00a0\u00bb custom_margin=\u00a0\u00bb-4px||0px||false|false\u00a0\u00bb custom_padding=\u00a0\u00bb0px||0px||false|false\u00a0\u00bb hover_enabled=\u00a0\u00bb0&Prime; header_font_size_tablet=\u00a0\u00bb80px\u00a0\u00bb header_font_size_phone=\u00a0\u00bb72px\u00a0\u00bb module_alignment_tablet=\u00a0\u00bbright\u00a0\u00bb module_alignment_phone=\u00a0\u00bbright\u00a0\u00bb module_alignment_last_edited=\u00a0\u00bboff|desktop\u00a0\u00bb global_colors_info=\u00a0\u00bb{%22gcid-5318e0d0-0b7e-4959-a59e-911d546f39d2%22:%91%22text_text_color%22,%22text_text_color%22,%22text_text_color%22,%22header_2_text_color%22,%22text_text_color%22,%22header_2_text_color%22,%22text_text_color%22,%22header_2_text_color%22,%22text_text_color%22,%22header_2_text_color%22,%22text_text_color%22,%22header_2_text_color%22,%22text_text_color%22,%22header_2_text_color%22,%22text_text_color%22,%22header_2_text_color%22,%22text_text_color%22,%22header_2_text_color%22,%22text_text_color%22,%22header_2_text_color%22,%22text_text_color%22,%22header_2_text_color%22,%22text_text_color%22,%22header_2_text_color%22,%22text_text_color%22,%22header_2_text_color%22,%22text_text_color%22,%22header_2_text_color%22,%22text_text_color%22,%22header_2_text_color%22%93,%22gcid-db5ca738-5549-4fab-95fb-6d20359d62c6%22:%91%22header_3_text_color%22,%22header_3_text_color%22,%22header_3_text_color%22,%22header_3_text_color%22,%22header_3_text_color%22,%22header_3_text_color%22,%22header_3_text_color%22%93}\u00a0\u00bb sticky_enabled=\u00a0\u00bb0&Prime;]<\/p>\n<p style=\"text-align: center;\">Ce mat\u00e9riel \u00e9ducatif et ludique est compos\u00e9 de deux sections :<br \/>1. Section Enfants<br \/>2. Section Famille<\/p>\n<p>[\/et_pb_text][\/et_pb_column][\/et_pb_row][et_pb_row _builder_version=\u00a0\u00bb4.17.4&Prime; _module_preset=\u00a0\u00bbdefault\u00a0\u00bb global_colors_info=\u00a0\u00bb{}\u00a0\u00bb][et_pb_column type=\u00a0\u00bb4_4&Prime; _builder_version=\u00a0\u00bb4.17.4&Prime; _module_preset=\u00a0\u00bbdefault\u00a0\u00bb global_colors_info=\u00a0\u00bb{}\u00a0\u00bb][et_pb_text _builder_version=\u00a0\u00bb4.17.4&Prime; _module_preset=\u00a0\u00bbdefault\u00a0\u00bb header_2_font_size=\u00a0\u00bb46px\u00a0\u00bb custom_margin=\u00a0\u00bb||8px|||\u00a0\u00bb custom_padding=\u00a0\u00bb||0px|||\u00a0\u00bb global_colors_info=\u00a0\u00bb{}\u00a0\u00bb]<\/p>\n<h2>1. Rubrique enfants<\/h2>\n<p>[\/et_pb_text][et_pb_divider _builder_version=\u00a0\u00bb4.17.4&Prime; _module_preset=\u00a0\u00bbdefault\u00a0\u00bb custom_margin=\u00a0\u00bb||-3px|||\u00a0\u00bb global_colors_info=\u00a0\u00bb{}\u00a0\u00bb][\/et_pb_divider][\/et_pb_column][\/et_pb_row][\/et_pb_section][et_pb_section fb_built=\u00a0\u00bb1&Prime; next_background_color=\u00a0\u00bb#d6f9f9&Prime; _builder_version=\u00a0\u00bb4.17.4&Prime; _module_preset=\u00a0\u00bbdefault\u00a0\u00bb background_color=\u00a0\u00bb#FFFFFF\u00a0\u00bb custom_padding=\u00a0\u00bb30px|||||\u00a0\u00bb top_divider_style=\u00a0\u00bbclouds2&Prime; top_divider_color=\u00a0\u00bb#d6f9f9&Prime; top_divider_height=\u00a0\u00bb224px\u00a0\u00bb bottom_divider_style=\u00a0\u00bbwaves2&Prime; global_colors_info=\u00a0\u00bb{}\u00a0\u00bb][et_pb_row column_structure=\u00a0\u00bb3_5,2_5&Prime; _builder_version=\u00a0\u00bb4.17.4&Prime; _module_preset=\u00a0\u00bbdefault\u00a0\u00bb global_colors_info=\u00a0\u00bb{}\u00a0\u00bb][et_pb_column type=\u00a0\u00bb3_5&Prime; _builder_version=\u00a0\u00bb4.17.4&Prime; _module_preset=\u00a0\u00bbdefault\u00a0\u00bb global_colors_info=\u00a0\u00bb{}\u00a0\u00bb][et_pb_text _builder_version=\u00a0\u00bb4.27.4&Prime; _module_preset=\u00a0\u00bbdefault\u00a0\u00bb header_font=\u00a0\u00bbMontserrat|300|||||||\u00a0\u00bb header_text_color=\u00a0\u00bb#000000&Prime; header_font_size=\u00a0\u00bb97px\u00a0\u00bb width=\u00a0\u00bb600px\u00a0\u00bb max_width=\u00a0\u00bb90%\u00a0\u00bb module_alignment=\u00a0\u00bbright\u00a0\u00bb custom_margin=\u00a0\u00bb0px||0px||false|false\u00a0\u00bb custom_padding=\u00a0\u00bb0px||0px||false|false\u00a0\u00bb hover_enabled=\u00a0\u00bb0&Prime; header_font_size_tablet=\u00a0\u00bb80px\u00a0\u00bb header_font_size_phone=\u00a0\u00bb72px\u00a0\u00bb module_alignment_tablet=\u00a0\u00bbright\u00a0\u00bb module_alignment_phone=\u00a0\u00bbright\u00a0\u00bb module_alignment_last_edited=\u00a0\u00bbon|phone\u00a0\u00bb global_colors_info=\u00a0\u00bb{%22gcid-5318e0d0-0b7e-4959-a59e-911d546f39d2%22:%91%22text_text_color%22,%22text_text_color%22,%22text_text_color%22,%22header_2_text_color%22,%22text_text_color%22,%22header_2_text_color%22,%22text_text_color%22,%22header_2_text_color%22,%22text_text_color%22,%22header_2_text_color%22,%22text_text_color%22,%22header_2_text_color%22,%22text_text_color%22,%22header_2_text_color%22,%22text_text_color%22,%22header_2_text_color%22,%22text_text_color%22,%22header_2_text_color%22,%22text_text_color%22,%22header_2_text_color%22,%22text_text_color%22,%22header_2_text_color%22,%22text_text_color%22,%22header_2_text_color%22,%22text_text_color%22,%22header_2_text_color%22,%22text_text_color%22,%22header_2_text_color%22,%22text_text_color%22,%22header_2_text_color%22%93,%22gcid-db5ca738-5549-4fab-95fb-6d20359d62c6%22:%91%22header_3_text_color%22,%22header_3_text_color%22,%22header_3_text_color%22,%22header_3_text_color%22,%22header_3_text_color%22,%22header_3_text_color%22,%22header_3_text_color%22%93}\u00a0\u00bb sticky_enabled=\u00a0\u00bb0&Prime;]<\/p>\n<h2>Voulez-vous jouer avec nous ?<\/h2>\n<p>Les enfants devront choisir un jeu sur l&rsquo;\u00e9cran de connexion. Chaque personnage aime un jeu. En fonction de ces pr\u00e9f\u00e9rences, les enfants devront d\u00e9cider avec qui ils veulent jouer.  <\/p>\n<p>Les enfants devront choisir un jeu sur l&rsquo;\u00e9cran de connexion. Chaque personnage aime un jeu. En fonction de ces pr\u00e9f\u00e9rences, les enfants devront d\u00e9cider avec qui ils veulent jouer. <\/p>\n<p>.<\/p>\n<p>[\/et_pb_text][\/et_pb_column][et_pb_column type=\u00a0\u00bb2_5&Prime; _builder_version=\u00a0\u00bb4.17.4&Prime; _module_preset=\u00a0\u00bbdefault\u00a0\u00bb global_colors_info=\u00a0\u00bb{}\u00a0\u00bb][et_pb_image src=\u00a0\u00bbhttps:\/\/emangiltza.eus\/wp-content\/uploads\/2022\/07\/umeak.gif\u00a0\u00bb title_text=\u00a0\u00bbEnfants\u00a0\u00bb url=\u00a0\u00bbhttps:\/\/emangiltza.eus\/ku-ku\/\u00a0\u00bb url_new_window=\u00a0\u00bbon\u00a0\u00bb align=\u00a0\u00bbcenter\u00a0\u00bb _builder_version=\u00a0\u00bb4.21.0&Prime; _module_preset=\u00a0\u00bbdefault\u00a0\u00bb width=\u00a0\u00bb90%\u00a0\u00bb width_last_edited=\u00a0\u00bboff|desktop\u00a0\u00bb max_width=\u00a0\u00bb450px\u00a0\u00bb module_alignment=\u00a0\u00bbcenter\u00a0\u00bb scroll_vertical_motion_enable=\u00a0\u00bbon\u00a0\u00bb scroll_vertical_motion=\u00a0\u00bb0|24|74|100|4|0|-4&Prime; scroll_scaling_enable=\u00a0\u00bbon\u00a0\u00bb scroll_scaling=\u00a0\u00bb0|23|79|100|70|100|100&Prime; global_colors_info=\u00a0\u00bb{}\u00a0\u00bb width__hover_enabled=\u00a0\u00bbon|hover\u00a0\u00bb width__hover=\u00a0\u00bb93%\u00a0\u00bb][\/et_pb_image][\/et_pb_column][\/et_pb_row][\/et_pb_section][et_pb_section fb_built=\u00a0\u00bb1&Prime; _builder_version=\u00a0\u00bb4.17.4&Prime; _module_preset=\u00a0\u00bbdefault\u00a0\u00bb background_color=\u00a0\u00bb#d6f9f9&Prime; custom_padding=\u00a0\u00bb4px||0px|||\u00a0\u00bb top_divider_color=\u00a0\u00bb#e6fcb5&Prime; top_divider_height=\u00a0\u00bb224px\u00a0\u00bb global_colors_info=\u00a0\u00bb{}\u00a0\u00bb][et_pb_row _builder_version=\u00a0\u00bb4.17.4&Prime; _module_preset=\u00a0\u00bbdefault\u00a0\u00bb global_colors_info=\u00a0\u00bb{}\u00a0\u00bb][et_pb_column type=\u00a0\u00bb4_4&Prime; _builder_version=\u00a0\u00bb4.17.4&Prime; _module_preset=\u00a0\u00bbdefault\u00a0\u00bb global_colors_info=\u00a0\u00bb{}\u00a0\u00bb][et_pb_text _builder_version=\u00a0\u00bb4.17.4&Prime; _module_preset=\u00a0\u00bbdefault\u00a0\u00bb header_2_font_size=\u00a0\u00bb46px\u00a0\u00bb custom_margin=\u00a0\u00bb||8px|||\u00a0\u00bb custom_padding=\u00a0\u00bb||0px|||\u00a0\u00bb global_colors_info=\u00a0\u00bb{}\u00a0\u00bb]<\/p>\n<h2>2. Rubrique pour les familles<\/h2>\n<p>[\/et_pb_text][et_pb_divider _builder_version=\u00a0\u00bb4.17.4&Prime; _module_preset=\u00a0\u00bbdefault\u00a0\u00bb custom_margin=\u00a0\u00bb||-3px|||\u00a0\u00bb global_colors_info=\u00a0\u00bb{}\u00a0\u00bb][\/et_pb_divider][\/et_pb_column][\/et_pb_row][et_pb_row column_structure=\u00a0\u00bb3_5,2_5&Prime; _builder_version=\u00a0\u00bb4.17.4&Prime; _module_preset=\u00a0\u00bbdefault\u00a0\u00bb global_colors_info=\u00a0\u00bb{}\u00a0\u00bb][et_pb_column type=\u00a0\u00bb3_5&Prime; _builder_version=\u00a0\u00bb4.17.4&Prime; _module_preset=\u00a0\u00bbdefault\u00a0\u00bb global_colors_info=\u00a0\u00bb{}\u00a0\u00bb][et_pb_text _builder_version=\u00a0\u00bb4.17.4&Prime; _module_preset=\u00a0\u00bbdefault\u00a0\u00bb header_font=\u00a0\u00bbMontserrat|300|||||||\u00a0\u00bb header_text_color=\u00a0\u00bb#000000&Prime; header_font_size=\u00a0\u00bb97px\u00a0\u00bb width=\u00a0\u00bb600px\u00a0\u00bb max_width=\u00a0\u00bb90%\u00a0\u00bb module_alignment=\u00a0\u00bbright\u00a0\u00bb custom_margin=\u00a0\u00bb0px||0px||false|false\u00a0\u00bb custom_padding=\u00a0\u00bb0px||0px||false|false\u00a0\u00bb header_font_size_tablet=\u00a0\u00bb80px\u00a0\u00bb header_font_size_phone=\u00a0\u00bb72px\u00a0\u00bb module_alignment_tablet=\u00a0\u00bbright\u00a0\u00bb module_alignment_phone=\u00a0\u00bbright\u00a0\u00bb module_alignment_last_edited=\u00a0\u00bbon|phone\u00a0\u00bb global_colors_info=\u00a0\u00bb{%22gcid-5318e0d0-0b7e-4959-a59e-911d546f39d2%22:%91%22text_text_color%22,%22text_text_color%22,%22text_text_color%22,%22header_2_text_color%22,%22text_text_color%22,%22header_2_text_color%22,%22text_text_color%22,%22header_2_text_color%22,%22text_text_color%22,%22header_2_text_color%22,%22text_text_color%22,%22header_2_text_color%22,%22text_text_color%22,%22header_2_text_color%22,%22text_text_color%22,%22header_2_text_color%22,%22text_text_color%22,%22header_2_text_color%22,%22text_text_color%22,%22header_2_text_color%22,%22text_text_color%22,%22header_2_text_color%22,%22text_text_color%22,%22header_2_text_color%22,%22text_text_color%22,%22header_2_text_color%22,%22text_text_color%22,%22header_2_text_color%22,%22text_text_color%22,%22header_2_text_color%22%93,%22gcid-db5ca738-5549-4fab-95fb-6d20359d62c6%22:%91%22header_3_text_color%22,%22header_3_text_color%22,%22header_3_text_color%22,%22header_3_text_color%22,%22header_3_text_color%22,%22header_3_text_color%22,%22header_3_text_color%22%93}\u00a0\u00bb]<\/p>\n<h2>Offrez le basque \u00e0 vos enfants !<\/h2>\n<p>Dans cette section, vous trouverez des outils utiles pour les familles :<\/p>\n<p>&nbsp;<\/p>\n<p>[\/et_pb_text][et_pb_text _builder_version=\u00a0\u00bb4.17.4&Prime; _module_preset=\u00a0\u00bbdefault\u00a0\u00bb header_font=\u00a0\u00bbMontserrat|300|||||||\u00a0\u00bb header_text_color=\u00a0\u00bb#000000&Prime; header_font_size=\u00a0\u00bb97px\u00a0\u00bb background_color=\u00a0\u00bbrgba(255,255,255,0.69)\u00a0\u00bb width=\u00a0\u00bb600px\u00a0\u00bb max_width=\u00a0\u00bb90%\u00a0\u00bb max_width_tablet=\u00a0\u00bb90%\u00a0\u00bb max_width_phone=\u00a0\u00bb100%\u00a0\u00bb max_width_last_edited=\u00a0\u00bbon|phone\u00a0\u00bb module_alignment=\u00a0\u00bbright\u00a0\u00bb custom_margin=\u00a0\u00bb0px||0px||false|false\u00a0\u00bb custom_padding=\u00a0\u00bb35px|51px|35px|51px|true|true\u00a0\u00bb custom_padding_tablet=\u00a0\u00bb35px|51px|35px|51px|true|true\u00a0\u00bb custom_padding_phone=\u00a0\u00bb21px|21px|21px|21px|true|true\u00a0\u00bb custom_padding_last_edited=\u00a0\u00bbon|phone\u00a0\u00bb header_font_size_tablet=\u00a0\u00bb80px\u00a0\u00bb header_font_size_phone=\u00a0\u00bb72px\u00a0\u00bb background_color_phone=\u00a0\u00bbrgba(255,255,255,0.71)\u00a0\u00bb background_last_edited=\u00a0\u00bbon|phone\u00a0\u00bb background_enable_color_phone=\u00a0\u00bbon\u00a0\u00bb module_alignment_tablet=\u00a0\u00bbright\u00a0\u00bb module_alignment_phone=\u00a0\u00bbright\u00a0\u00bb module_alignment_last_edited=\u00a0\u00bbon|phone\u00a0\u00bb border_radii=\u00a0\u00bbon|26px|26px|26px|26px\u00a0\u00bb border_color_left=\u00a0\u00bb#E02B20&Prime; border_radii_tablet=\u00a0\u00bbon|26px|26px|26px|26px\u00a0\u00bb border_radii_phone=\u00a0\u00bbon|8px|8px|8px|8px\u00a0\u00bb border_radii_last_edited=\u00a0\u00bbon|phone\u00a0\u00bb global_colors_info=\u00a0\u00bb{%22gcid-5318e0d0-0b7e-4959-a59e-911d546f39d2%22:%91%22text_text_color%22,%22text_text_color%22,%22text_text_color%22,%22header_2_text_color%22,%22text_text_color%22,%22header_2_text_color%22,%22text_text_color%22,%22header_2_text_color%22,%22text_text_color%22,%22header_2_text_color%22,%22text_text_color%22,%22header_2_text_color%22,%22text_text_color%22,%22header_2_text_color%22,%22text_text_color%22,%22header_2_text_color%22,%22text_text_color%22,%22header_2_text_color%22,%22text_text_color%22,%22header_2_text_color%22,%22text_text_color%22,%22header_2_text_color%22,%22text_text_color%22,%22header_2_text_color%22,%22text_text_color%22,%22header_2_text_color%22,%22text_text_color%22,%22header_2_text_color%22,%22text_text_color%22,%22header_2_text_color%22%93,%22gcid-db5ca738-5549-4fab-95fb-6d20359d62c6%22:%91%22header_3_text_color%22,%22header_3_text_color%22,%22header_3_text_color%22,%22header_3_text_color%22,%22header_3_text_color%22,%22header_3_text_color%22,%22header_3_text_color%22%93}\u00a0\u00bb]<\/p>\n<ul>\n<li>Processus de d\u00e9veloppement des comp\u00e9tences linguistiques des enfants.<\/li>\n<li>R\u00e9ponses aux doutes et\/ou questions soulev\u00e9s par l&rsquo;\u00e9ducation au plurilinguisme.<\/li>\n<li>Petit dictionnaire.<\/li>\n<li>Possibilit\u00e9 d&rsquo;apprendre des expressions \u00e0 travers des locutions.<\/li>\n<li>Exercices de correction pour les erreurs courantes dans la conversation avec les enfants.<\/li>\n<li>Jeux.<\/li>\n<li>Chansons.<\/li>\n<li>&#8230;<\/li>\n<\/ul>\n<p>[\/et_pb_text][\/et_pb_column][et_pb_column type=\u00a0\u00bb2_5&Prime; _builder_version=\u00a0\u00bb4.17.4&Prime; _module_preset=\u00a0\u00bbdefault\u00a0\u00bb global_colors_info=\u00a0\u00bb{}\u00a0\u00bb][et_pb_image src=\u00a0\u00bbhttps:\/\/emangiltza.eus\/wp-content\/uploads\/2022\/07\/gurasoak2.jpg\u00a0\u00bb title_text=\u00a0\u00bbgurasoak2&Prime; url=\u00a0\u00bbhttps:\/\/emangiltza.eus\/ku-ku\/\u00a0\u00bb url_new_window=\u00a0\u00bbon\u00a0\u00bb align=\u00a0\u00bbcenter\u00a0\u00bb _builder_version=\u00a0\u00bb4.21.0&Prime; _module_preset=\u00a0\u00bbdefault\u00a0\u00bb width=\u00a0\u00bb90%\u00a0\u00bb width_last_edited=\u00a0\u00bboff|desktop\u00a0\u00bb max_width=\u00a0\u00bb450px\u00a0\u00bb module_alignment=\u00a0\u00bbcenter\u00a0\u00bb scroll_vertical_motion=\u00a0\u00bb0|24|74|100|4|0|-4&Prime; scroll_horizontal_motion_enable=\u00a0\u00bbon\u00a0\u00bb scroll_horizontal_motion=\u00a0\u00bb0|41|73|100|4|0|2&Prime; scroll_scaling_enable=\u00a0\u00bbon\u00a0\u00bb scroll_scaling=\u00a0\u00bb0|23|79|100|70|100|100&Prime; global_colors_info=\u00a0\u00bb{}\u00a0\u00bb width__hover_enabled=\u00a0\u00bbon|hover\u00a0\u00bb width__hover=\u00a0\u00bb93%\u00a0\u00bb][\/et_pb_image][\/et_pb_column][\/et_pb_row][\/et_pb_section]<\/p>\n","protected":false},"excerpt":{"rendered":"<p>Ku-ku! L&rsquo;application Ku-ku est un outil d&rsquo;aide aux familles qui souhaitent \u00e9duquer leurs fils et leurs filles au multilinguisme. Les filles et les gar\u00e7ons ont une capacit\u00e9 inn\u00e9e \u00e0 apprendre plusieurs langues simultan\u00e9ment. Comme toute autre comp\u00e9tence, vous devez vous entra\u00eener et dans cette t\u00e2che, la collaboration des familles est essentielle. Il est facile pour [&hellip;]<\/p>\n","protected":false},"author":1,"featured_media":0,"parent":0,"menu_order":0,"comment_status":"closed","ping_status":"closed","template":"","meta":{"_et_pb_use_builder":"on","_et_pb_old_content":"","_et_gb_content_width":"","footnotes":""},"class_list":["post-1484","page","type-page","status-publish","hentry"],"_links":{"self":[{"href":"https:\/\/emangiltza.eus\/fr\/wp-json\/wp\/v2\/pages\/1484","targetHints":{"allow":["GET"]}}],"collection":[{"href":"https:\/\/emangiltza.eus\/fr\/wp-json\/wp\/v2\/pages"}],"about":[{"href":"https:\/\/emangiltza.eus\/fr\/wp-json\/wp\/v2\/types\/page"}],"author":[{"embeddable":true,"href":"https:\/\/emangiltza.eus\/fr\/wp-json\/wp\/v2\/users\/1"}],"replies":[{"embeddable":true,"href":"https:\/\/emangiltza.eus\/fr\/wp-json\/wp\/v2\/comments?post=1484"}],"version-history":[{"count":43,"href":"https:\/\/emangiltza.eus\/fr\/wp-json\/wp\/v2\/pages\/1484\/revisions"}],"predecessor-version":[{"id":2771,"href":"https:\/\/emangiltza.eus\/fr\/wp-json\/wp\/v2\/pages\/1484\/revisions\/2771"}],"wp:attachment":[{"href":"https:\/\/emangiltza.eus\/fr\/wp-json\/wp\/v2\/media?parent=1484"}],"curies":[{"name":"wp","href":"https:\/\/api.w.org\/{rel}","templated":true}]}}