{"id":2789,"date":"2025-10-19T20:08:47","date_gmt":"2025-10-19T19:08:47","guid":{"rendered":"https:\/\/emangiltza.eus\/conseils-professionnels\/"},"modified":"2025-10-20T16:01:27","modified_gmt":"2025-10-20T15:01:27","slug":"conseils-professionnels","status":"publish","type":"page","link":"https:\/\/emangiltza.eus\/fr\/conseils-professionnels\/","title":{"rendered":"Conseils professionnels"},"content":{"rendered":"<p>[et_pb_section fb_built=\u00a0\u00bb1&Prime; admin_label=\u00a0\u00bbBideoak 2024&Prime; _builder_version=\u00a0\u00bb4.17.4&Prime; _module_preset=\u00a0\u00bbdefault\u00a0\u00bb locked=\u00a0\u00bboff\u00a0\u00bb global_colors_info=\u00a0\u00bb{}\u00a0\u00bb theme_builder_area=\u00a0\u00bbpost_content\u00a0\u00bb][et_pb_row _builder_version=\u00a0\u00bb4.27.4&Prime; _module_preset=\u00a0\u00bbdefault\u00a0\u00bb background_color=\u00a0\u00bb#fff0e0&Prime; width=\u00a0\u00bb100%\u00a0\u00bb max_width=\u00a0\u00bb100%\u00a0\u00bb module_alignment=\u00a0\u00bbcenter\u00a0\u00bb custom_margin=\u00a0\u00bb-70px||||false|true\u00a0\u00bb custom_padding=\u00a0\u00bb84px|10%||10%|false|true\u00a0\u00bb hover_enabled=\u00a0\u00bb0&Prime; global_colors_info=\u00a0\u00bb{}\u00a0\u00bb theme_builder_area=\u00a0\u00bbpost_content\u00a0\u00bb custom_margin_last_edited=\u00a0\u00bbon|desktop\u00a0\u00bb sticky_enabled=\u00a0\u00bb0&Prime; custom_margin_tablet=\u00a0\u00bb-70px||||false|true\u00a0\u00bb custom_margin_phone=\u00a0\u00bb-70px||||false|true\u00a0\u00bb][et_pb_column type=\u00a0\u00bb4_4&Prime; _builder_version=\u00a0\u00bb4.17.4&Prime; _module_preset=\u00a0\u00bbdefault\u00a0\u00bb global_colors_info=\u00a0\u00bb{}\u00a0\u00bb theme_builder_area=\u00a0\u00bbpost_content\u00a0\u00bb][et_pb_text _builder_version=\u00a0\u00bb4.27.4&Prime; _module_preset=\u00a0\u00bbdefault\u00a0\u00bb text_font=\u00a0\u00bbMontserrat|300|||||||\u00a0\u00bb header_2_font_size=\u00a0\u00bb42px\u00a0\u00bb header_3_font_size=\u00a0\u00bb18px\u00a0\u00bb width=\u00a0\u00bb80%\u00a0\u00bb max_width=\u00a0\u00bb1000px\u00a0\u00bb module_alignment=\u00a0\u00bbcenter\u00a0\u00bb hover_enabled=\u00a0\u00bb0&Prime; text_font_tablet=\u00a0\u00bbMontserrat|300|||||||\u00a0\u00bb text_font_phone=\u00a0\u00bbMontserrat||||||||\u00a0\u00bb text_font_last_edited=\u00a0\u00bbon|phone\u00a0\u00bb header_font_size_phone=\u00a0\u00bb19px\u00a0\u00bb header_2_font_size_tablet=\u00a0\u00bb36px\u00a0\u00bb header_2_font_size_phone=\u00a0\u00bb24px\u00a0\u00bb header_2_font_size_last_edited=\u00a0\u00bbon|tablet\u00a0\u00bb header_3_font_size_tablet=\u00a0\u00bb18px\u00a0\u00bb global_colors_info=\u00a0\u00bb{}\u00a0\u00bb theme_builder_area=\u00a0\u00bbpost_content\u00a0\u00bb sticky_enabled=\u00a0\u00bb0&Prime;]<\/p>\n<h1 style=\"text-align: center;\">Donnez la cl\u00e9 du basque aux plus petits de la maison.<\/h1>\n<h2 style=\"text-align: center;\">CONSEILS DE PROFESSIONNELS<\/h2>\n<p>[\/et_pb_text][\/et_pb_column][\/et_pb_row][et_pb_row column_structure=\u00a0\u00bb1_2,1_2&Prime; _builder_version=\u00a0\u00bb4.27.4&Prime; _module_preset=\u00a0\u00bbdefault\u00a0\u00bb width=\u00a0\u00bb90%\u00a0\u00bb max_width=\u00a0\u00bb1200px\u00a0\u00bb custom_margin=\u00a0\u00bb-19px|auto||auto||\u00a0\u00bb hover_enabled=\u00a0\u00bb0&Prime; global_colors_info=\u00a0\u00bb{}\u00a0\u00bb theme_builder_area=\u00a0\u00bbpost_content\u00a0\u00bb sticky_enabled=\u00a0\u00bb0&Prime;][et_pb_column type=\u00a0\u00bb1_2&Prime; _builder_version=\u00a0\u00bb4.17.4&Prime; _module_preset=\u00a0\u00bbdefault\u00a0\u00bb global_colors_info=\u00a0\u00bb{}\u00a0\u00bb theme_builder_area=\u00a0\u00bbpost_content\u00a0\u00bb][et_pb_video src=\u00a0\u00bbhttps:\/\/youtu.be\/KAB_jddLIOU\u00a0\u00bb _builder_version=\u00a0\u00bb4.27.4&Prime; _module_preset=\u00a0\u00bbdefault\u00a0\u00bb global_colors_info=\u00a0\u00bb{}\u00a0\u00bb theme_builder_area=\u00a0\u00bbpost_content\u00a0\u00bb][\/et_pb_video][et_pb_text _builder_version=\u00a0\u00bb4.23.1&Prime; _module_preset=\u00a0\u00bbdefault\u00a0\u00bb text_font=\u00a0\u00bbMontserrat|300|||||||\u00a0\u00bb header_text_color=\u00a0\u00bb#000000&Prime; header_2_font_size=\u00a0\u00bb34px\u00a0\u00bb header_3_text_color=\u00a0\u00bb#a3594c\u00a0\u00bb header_3_font_size=\u00a0\u00bb18px\u00a0\u00bb text_font_tablet=\u00a0\u00bbMontserrat|300|||||||\u00a0\u00bb text_font_phone=\u00a0\u00bbMontserrat||||||||\u00a0\u00bb text_font_last_edited=\u00a0\u00bbon|phone\u00a0\u00bb global_colors_info=\u00a0\u00bb{%22gcid-5318e0d0-0b7e-4959-a59e-911d546f39d2%22:%91%22text_text_color%22,%22text_text_color%22,%22text_text_color%22%93}\u00a0\u00bb theme_builder_area=\u00a0\u00bbpost_content\u00a0\u00bb]<\/p>\n<h3>Eukene Larrea<\/h3>\n<h2><span>Conseils pour d\u00e9buter en basque.<\/span><\/h2>\n<p style=\"font-weight: 400;\"><span>Euk\u00e8ne a \u00e9tudi\u00e9 la psychologie. Elle est enseignante et agente culturelle.<\/span><span> <\/span><\/p>\n<p style=\"font-weight: 400;\"><strong>\u2013 Utilisez le basque sans honte !<\/strong><\/p>\n<p>[\/et_pb_text][\/et_pb_column][et_pb_column type=\u00a0\u00bb1_2&Prime; _builder_version=\u00a0\u00bb4.17.4&Prime; _module_preset=\u00a0\u00bbdefault\u00a0\u00bb global_colors_info=\u00a0\u00bb{}\u00a0\u00bb theme_builder_area=\u00a0\u00bbpost_content\u00a0\u00bb][et_pb_video src=\u00a0\u00bbhttps:\/\/youtu.be\/zG6uF4x0ZTA\u00a0\u00bb _builder_version=\u00a0\u00bb4.23.1&Prime; _module_preset=\u00a0\u00bbdefault\u00a0\u00bb global_colors_info=\u00a0\u00bb{}\u00a0\u00bb theme_builder_area=\u00a0\u00bbpost_content\u00a0\u00bb][\/et_pb_video][et_pb_text _builder_version=\u00a0\u00bb4.23.1&Prime; _module_preset=\u00a0\u00bbdefault\u00a0\u00bb text_font=\u00a0\u00bbMontserrat|300|||||||\u00a0\u00bb header_text_color=\u00a0\u00bb#000000&Prime; header_2_font_size=\u00a0\u00bb34px\u00a0\u00bb header_3_text_color=\u00a0\u00bb#a3594c\u00a0\u00bb header_3_font_size=\u00a0\u00bb18px\u00a0\u00bb text_font_tablet=\u00a0\u00bbMontserrat|300|||||||\u00a0\u00bb text_font_phone=\u00a0\u00bbMontserrat||||||||\u00a0\u00bb text_font_last_edited=\u00a0\u00bbon|phone\u00a0\u00bb global_colors_info=\u00a0\u00bb{%22gcid-5318e0d0-0b7e-4959-a59e-911d546f39d2%22:%91%22text_text_color%22,%22text_text_color%22%93}\u00a0\u00bb theme_builder_area=\u00a0\u00bbpost_content\u00a0\u00bb]<\/p>\n<h3>Katalin Larrea<\/h3>\n<h2>Basque et \u00e9ducation.<\/h2>\n<p><span>Katalin est directrice de l&rsquo;Ikastola Abusu. <\/span><\/p>\n<p><strong>\u2013 Les parents jouent un r\u00f4le important dans la langue et l\u2019\u00e9ducation de nos fils et filles.<\/strong><\/p>\n<p>[\/et_pb_text][\/et_pb_column][\/et_pb_row][\/et_pb_section][et_pb_section fb_built=\u00a0\u00bb1&Prime; admin_label=\u00a0\u00bbBideoak 2024&Prime; _builder_version=\u00a0\u00bb4.17.4&Prime; _module_preset=\u00a0\u00bbdefault\u00a0\u00bb locked=\u00a0\u00bboff\u00a0\u00bb global_colors_info=\u00a0\u00bb{}\u00a0\u00bb theme_builder_area=\u00a0\u00bbpost_content\u00a0\u00bb][et_pb_row column_structure=\u00a0\u00bb1_2,1_2&Prime; _builder_version=\u00a0\u00bb4.27.4&Prime; _module_preset=\u00a0\u00bbdefault\u00a0\u00bb width=\u00a0\u00bb90%\u00a0\u00bb max_width=\u00a0\u00bb1200px\u00a0\u00bb custom_margin=\u00a0\u00bb-19px|auto||auto||\u00a0\u00bb global_colors_info=\u00a0\u00bb{}\u00a0\u00bb theme_builder_area=\u00a0\u00bbpost_content\u00a0\u00bb][et_pb_column type=\u00a0\u00bb1_2&Prime; _builder_version=\u00a0\u00bb4.17.4&Prime; _module_preset=\u00a0\u00bbdefault\u00a0\u00bb global_colors_info=\u00a0\u00bb{}\u00a0\u00bb theme_builder_area=\u00a0\u00bbpost_content\u00a0\u00bb][et_pb_video src=\u00a0\u00bbhttps:\/\/youtu.be\/id5IZMnfTmI\u00a0\u00bb _builder_version=\u00a0\u00bb4.23.1&Prime; _module_preset=\u00a0\u00bbdefault\u00a0\u00bb global_colors_info=\u00a0\u00bb{}\u00a0\u00bb theme_builder_area=\u00a0\u00bbpost_content\u00a0\u00bb][\/et_pb_video][et_pb_text _builder_version=\u00a0\u00bb4.23.1&Prime; _module_preset=\u00a0\u00bbdefault\u00a0\u00bb text_font=\u00a0\u00bbMontserrat|300|||||||\u00a0\u00bb header_text_color=\u00a0\u00bb#000000&Prime; header_2_font_size=\u00a0\u00bb34px\u00a0\u00bb header_3_text_color=\u00a0\u00bb#a3594c\u00a0\u00bb header_3_font_size=\u00a0\u00bb18px\u00a0\u00bb text_font_tablet=\u00a0\u00bbMontserrat|300|||||||\u00a0\u00bb text_font_phone=\u00a0\u00bbMontserrat||||||||\u00a0\u00bb text_font_last_edited=\u00a0\u00bbon|phone\u00a0\u00bb global_colors_info=\u00a0\u00bb{%22gcid-5318e0d0-0b7e-4959-a59e-911d546f39d2%22:%91%22text_text_color%22,%22text_text_color%22%93}\u00a0\u00bb theme_builder_area=\u00a0\u00bbpost_content\u00a0\u00bb]<\/p>\n<h3>Edurne Arrizabalaga<\/h3>\n<h2>Utilisation des dialectes basques<\/h2>\n<p><span>Edurne est enseignante \u00e0 Markina-Xemeingo. Il parle en basque ondarru. <\/span><\/p>\n<p><strong>\u2013 Les \u00ab Euskalkis \u00bb apportent de la richesse \u00e0 la langue.<\/strong><\/p>\n<p>[\/et_pb_text][\/et_pb_column][et_pb_column type=\u00a0\u00bb1_2&Prime; _builder_version=\u00a0\u00bb4.17.4&Prime; _module_preset=\u00a0\u00bbdefault\u00a0\u00bb global_colors_info=\u00a0\u00bb{}\u00a0\u00bb theme_builder_area=\u00a0\u00bbpost_content\u00a0\u00bb][et_pb_video src=\u00a0\u00bbhttps:\/\/youtu.be\/Rl5gqEeevpQ\u00a0\u00bb _builder_version=\u00a0\u00bb4.23.1&Prime; _module_preset=\u00a0\u00bbdefault\u00a0\u00bb global_colors_info=\u00a0\u00bb{}\u00a0\u00bb theme_builder_area=\u00a0\u00bbpost_content\u00a0\u00bb][\/et_pb_video][et_pb_text _builder_version=\u00a0\u00bb4.27.4&Prime; _module_preset=\u00a0\u00bbdefault\u00a0\u00bb text_font=\u00a0\u00bbMontserrat|300|||||||\u00a0\u00bb header_text_color=\u00a0\u00bb#000000&Prime; header_2_font_size=\u00a0\u00bb34px\u00a0\u00bb header_3_text_color=\u00a0\u00bb#a3594c\u00a0\u00bb header_3_font_size=\u00a0\u00bb18px\u00a0\u00bb text_font_tablet=\u00a0\u00bbMontserrat|300|||||||\u00a0\u00bb text_font_phone=\u00a0\u00bbMontserrat||||||||\u00a0\u00bb text_font_last_edited=\u00a0\u00bbon|phone\u00a0\u00bb header_2_font_size_tablet=\u00a0\u00bb36px\u00a0\u00bb header_3_font_size_tablet=\u00a0\u00bb18px\u00a0\u00bb global_colors_info=\u00a0\u00bb{%22gcid-5318e0d0-0b7e-4959-a59e-911d546f39d2%22:%91%22text_text_color%22%93}\u00a0\u00bb theme_builder_area=\u00a0\u00bbpost_content\u00a0\u00bb]<\/p>\n<h3>Patxo Larrinoa<\/h3>\n<h2>Conseils pour transmettre le basque<\/h2>\n<p><span>Patxo est enseignant. Il souligne l&rsquo;importance de transmettre le basque d\u00e8s le plus jeune \u00e2ge. <\/span><\/p>\n<p><strong>\u2013 En travaillant ensemble et en partant de la r\u00e9alit\u00e9 de chacun, nous pouvons faire beaucoup en faveur de la transmission de l\u2019euskara.<\/strong><\/p>\n<p>[\/et_pb_text][\/et_pb_column][\/et_pb_row][\/et_pb_section][et_pb_section fb_built=\u00a0\u00bb1&Prime; admin_label=\u00a0\u00bbBideoak 2024&Prime; _builder_version=\u00a0\u00bb4.17.4&Prime; _module_preset=\u00a0\u00bbdefault\u00a0\u00bb locked=\u00a0\u00bboff\u00a0\u00bb global_colors_info=\u00a0\u00bb{}\u00a0\u00bb theme_builder_area=\u00a0\u00bbpost_content\u00a0\u00bb][et_pb_row column_structure=\u00a0\u00bb1_2,1_2&Prime; _builder_version=\u00a0\u00bb4.27.4&Prime; _module_preset=\u00a0\u00bbdefault\u00a0\u00bb width=\u00a0\u00bb90%\u00a0\u00bb max_width=\u00a0\u00bb1200px\u00a0\u00bb custom_margin=\u00a0\u00bb-19px|auto||auto||\u00a0\u00bb global_colors_info=\u00a0\u00bb{}\u00a0\u00bb theme_builder_area=\u00a0\u00bbpost_content\u00a0\u00bb][et_pb_column type=\u00a0\u00bb1_2&Prime; _builder_version=\u00a0\u00bb4.17.4&Prime; _module_preset=\u00a0\u00bbdefault\u00a0\u00bb global_colors_info=\u00a0\u00bb{}\u00a0\u00bb theme_builder_area=\u00a0\u00bbpost_content\u00a0\u00bb][\/et_pb_column][et_pb_column type=\u00a0\u00bb1_2&Prime; _builder_version=\u00a0\u00bb4.17.4&Prime; _module_preset=\u00a0\u00bbdefault\u00a0\u00bb global_colors_info=\u00a0\u00bb{}\u00a0\u00bb theme_builder_area=\u00a0\u00bbpost_content\u00a0\u00bb][et_pb_video src=\u00a0\u00bbhttps:\/\/youtu.be\/j6nmEkg_Vy0&Prime; _builder_version=\u00a0\u00bb4.23.1&Prime; _module_preset=\u00a0\u00bbdefault\u00a0\u00bb global_colors_info=\u00a0\u00bb{}\u00a0\u00bb theme_builder_area=\u00a0\u00bbpost_content\u00a0\u00bb][\/et_pb_video][et_pb_text _builder_version=\u00a0\u00bb4.23.1&Prime; _module_preset=\u00a0\u00bbdefault\u00a0\u00bb text_font=\u00a0\u00bbMontserrat|300|||||||\u00a0\u00bb header_text_color=\u00a0\u00bb#000000&Prime; header_2_font_size=\u00a0\u00bb34px\u00a0\u00bb header_3_text_color=\u00a0\u00bb#a3594c\u00a0\u00bb header_3_font_size=\u00a0\u00bb18px\u00a0\u00bb text_font_tablet=\u00a0\u00bbMontserrat|300|||||||\u00a0\u00bb text_font_phone=\u00a0\u00bbMontserrat||||||||\u00a0\u00bb text_font_last_edited=\u00a0\u00bbon|phone\u00a0\u00bb global_colors_info=\u00a0\u00bb{%22gcid-5318e0d0-0b7e-4959-a59e-911d546f39d2%22:%91%22text_text_color%22,%22text_text_color%22%93}\u00a0\u00bb theme_builder_area=\u00a0\u00bbpost_content\u00a0\u00bb]<\/p>\n<h3>Eneko Espeja<\/h3>\n<h2><span>Le basque et l&rsquo;avenir<\/span><\/h2>\n<p><span>Eneko est enseignant \u00e0 l&rsquo;Institut Gabriel Aresti. <br \/>Il nous parle de la valeur ajout\u00e9e que repr\u00e9sente l&rsquo;euskara dans l&rsquo;\u00e9ducation. <\/span><\/p>\n<p><strong>\u2013 L\u2019euskara nous ouvre les portes de l\u2019avenir.<\/strong><\/p>\n<p>[\/et_pb_text][\/et_pb_column][\/et_pb_row][\/et_pb_section]<\/p>\n","protected":false},"excerpt":{"rendered":"<p>Donnez la cl\u00e9 du basque aux plus petits de la maison. CONSEILS DE PROFESSIONNELSEukene Larrea Conseils pour d\u00e9buter en basque. Euk\u00e8ne a \u00e9tudi\u00e9 la psychologie. Elle est enseignante et agente culturelle. \u2013 Utilisez le basque sans honte !Katalin Larrea Basque et \u00e9ducation. Katalin est directrice de l&rsquo;Ikastola Abusu. \u2013 Les parents jouent un r\u00f4le important [&hellip;]<\/p>\n","protected":false},"author":1,"featured_media":0,"parent":0,"menu_order":0,"comment_status":"closed","ping_status":"closed","template":"","meta":{"_et_pb_use_builder":"on","_et_pb_old_content":"","_et_gb_content_width":"","footnotes":""},"class_list":["post-2789","page","type-page","status-publish","hentry"],"_links":{"self":[{"href":"https:\/\/emangiltza.eus\/fr\/wp-json\/wp\/v2\/pages\/2789","targetHints":{"allow":["GET"]}}],"collection":[{"href":"https:\/\/emangiltza.eus\/fr\/wp-json\/wp\/v2\/pages"}],"about":[{"href":"https:\/\/emangiltza.eus\/fr\/wp-json\/wp\/v2\/types\/page"}],"author":[{"embeddable":true,"href":"https:\/\/emangiltza.eus\/fr\/wp-json\/wp\/v2\/users\/1"}],"replies":[{"embeddable":true,"href":"https:\/\/emangiltza.eus\/fr\/wp-json\/wp\/v2\/comments?post=2789"}],"version-history":[{"count":2,"href":"https:\/\/emangiltza.eus\/fr\/wp-json\/wp\/v2\/pages\/2789\/revisions"}],"predecessor-version":[{"id":2791,"href":"https:\/\/emangiltza.eus\/fr\/wp-json\/wp\/v2\/pages\/2789\/revisions\/2791"}],"wp:attachment":[{"href":"https:\/\/emangiltza.eus\/fr\/wp-json\/wp\/v2\/media?parent=2789"}],"curies":[{"name":"wp","href":"https:\/\/api.w.org\/{rel}","templated":true}]}}